{"id":262971,"date":"2024-05-15T13:42:28","date_gmt":"2024-05-15T17:42:28","guid":{"rendered":"https:\/\/staging.solidxperts.com\/?page_id=262971"},"modified":"2025-01-29T18:49:34","modified_gmt":"2025-01-29T23:49:34","slug":"solidworks-promotions","status":"publish","type":"page","link":"https:\/\/staging.solidxperts.com\/fr\/solidworks-promotions\/","title":{"rendered":"Promotions SOLIDWORKS"},"content":{"rendered":"<p>[vc_row full_width=&#8221;stretch_row_content_no_spaces&#8221; el_class=&#8221;pd-1 product-detail-header pd-3dx-creator&#8221;][vc_column][vc_row_inner el_class=&#8221;inner container container-center&#8221;][vc_column_inner][vc_column_text el_class=&#8221;title&#8221;]<\/p>\n<h1>PROMOTIONS SOLIDWORKS<\/h1>\n<p>[\/vc_column_text][vc_column_text el_class=&#8221;details&#8221;]Tirez le meilleur parti des derni\u00e8res promotions SOLIDWORKS[\/vc_column_text][\/vc_column_inner][\/vc_row_inner][vc_single_image el_class=&#8221;bg&#8221; css=&#8221;.vc_custom_1701720610832{background-position: center !important;background-repeat: no-repeat !important;background-size: cover !important;}&#8221;][\/vc_column][\/vc_row][vc_row full_width=&#8221;stretch_row_content_no_spaces&#8221; el_class=&#8221;pd-6 products-compr products-compr-4-column&#8221; el_id=&#8221;draftSight2D&#8221;][vc_column][vc_row_inner el_class=&#8221;block container container-center&#8221;][vc_column_inner el_class=&#8221;list hideme&#8221; width=&#8221;1\/2&#8243;][vc_column_text el_class=&#8221;top&#8221;]<\/p>\n<h3>Solidworks PRO pour le prix d&#8217;une version standard<\/h3>\n<p>[\/vc_column_text][vc_column_text el_class=&#8221;bottom&#8221;]Profitez des fonctionnalit\u00e9s avanc\u00e9es de SOLIDWORKS \u00e0 un prix nettement inf\u00e9rieur. Achetez SOLIDWORKS CAD avec les services Cloud et b\u00e9n\u00e9ficiez d&#8217;une mise \u00e0 niveau instantan\u00e9e vers le produit de niveau sup\u00e9rieur.<\/p>\n<p>&nbsp;<\/p>\n<p><span style=\"font-size: 12px;\">*Offre valable jusqu&#8217;au 30 septembre 2024 aux \u00c9tats-Unis et au Canada uniquement. Ne peut \u00eatre combin\u00e9e \u00e0 aucune autre offre ou remise. Disponible uniquement pour les nouvelles licences, les licences de recherche et d&#8217;enseignement ne sont pas \u00e9ligibles. L&#8217;achat d&#8217;un ALC d&#8217;un an est requis. D&#8217;autres conditions peuvent s&#8217;appliquer. Contactez-nous pour obtenir tous les d\u00e9tails de l&#8217;offre.<\/span>[\/vc_column_text][vc_column_text el_class=&#8221;box-link&#8221;]<a class=\"popmake-263872\" href=\"#\">Contactez nous<\/a>[\/vc_column_text][\/vc_column_inner][vc_column_inner el_class=&#8221;list hideme&#8221; width=&#8221;1\/2&#8243;][vc_column_text el_class=&#8221;top&#8221;]<\/p>\n<h3>Am\u00e9liorations de la valeur de vos solutions CAO pr\u00e9f\u00e9r\u00e9es<\/h3>\n<p>[\/vc_column_text][vc_column_text el_class=&#8221;bottom&#8221;]\u00c0 partir du 1er mars 2024, profitez de nos nouvelles promotions Value Upgrade, offrant jusqu&#8217;\u00e0 50 % de r\u00e9duction sur certaines mises \u00e0 niveau de licences pour SOLIDWORKS et d&#8217;autres produits connexes. Ces promotions sont con\u00e7ues pour faciliter votre transition vers l&#8217;abonnement et les licences \u00e0 dur\u00e9e d\u00e9termin\u00e9e, avec des options adapt\u00e9es \u00e0 vos besoins sp\u00e9cifiques.<\/p>\n<p>&nbsp;<\/p>\n<p><span style=\"font-size: 12px;\">*S&#8217;applique aux licences actives et inactives. S&#8217;applique aux licences autonomes et de r\u00e9seau. L&#8217;offre est valable jusqu&#8217;au 1er mars 2025 \u00e0 23h59 EST. D&#8217;autres conditions peuvent s&#8217;appliquer. Contactez-nous pour obtenir tous les d\u00e9tails de l&#8217;offre.<\/span>[\/vc_column_text][vc_column_text el_class=&#8221;box-link&#8221;]<a class=\"popmake-264033\" href=\"#\">Contactez nous<\/a>[\/vc_column_text][\/vc_column_inner][\/vc_row_inner][\/vc_column][\/vc_row]<\/p>\n","protected":false},"excerpt":{"rendered":"<p>[vc_row full_width=&#8221;stretch_row_content_no_spaces&#8221; el_class=&#8221;pd-1 product-detail-header pd-3dx-creator&#8221;][vc_column][vc_row_inner el_class=&#8221;inner container container-center&#8221;][vc_column_inner][vc_column_text el_class=&#8221;title&#8221;] PROMOTIONS SOLIDWORKS [\/vc_column_text][vc_column_text el_class=&#8221;details&#8221;]Tirez le meilleur parti des derni\u00e8res promotions SOLIDWORKS[\/vc_column_text][\/vc_column_inner][\/vc_row_inner][vc_single_image el_class=&#8221;bg&#8221; css=&#8221;.vc_custom_1701720610832{background-position: center !important;background-repeat: no-repeat !important;background-size: cover !important;}&#8221;][\/vc_column][\/vc_row][vc_row full_width=&#8221;stretch_row_content_no_spaces&#8221; el_class=&#8221;pd-6 products-compr products-compr-4-column&#8221; el_id=&#8221;draftSight2D&#8221;][vc_column][vc_row_inner el_class=&#8221;block container container-center&#8221;][vc_column_inner el_class=&#8221;list hideme&#8221; width=&#8221;1\/2&#8243;][vc_column_text el_class=&#8221;top&#8221;] Solidworks PRO pour le prix d&#8217;une version standard [\/vc_column_text][vc_column_text el_class=&#8221;bottom&#8221;]Profitez des fonctionnalit\u00e9s avanc\u00e9es de SOLIDWORKS [&hellip;]<\/p>\n","protected":false},"author":9,"featured_media":264100,"parent":0,"menu_order":0,"comment_status":"closed","ping_status":"closed","template":"template-parts\/temp-career.php","meta":{"footnotes":""},"class_list":["post-262971","page","type-page","status-publish","has-post-thumbnail","hentry"],"yoast_head":"<!-- This site is optimized with the Yoast SEO plugin v26.8 - https:\/\/yoast.com\/product\/yoast-seo-wordpress\/ -->\n<title>Promotions SOLIDWORKS - Solidxperts<\/title>\n<meta name=\"description\" content=\"Explorez nos promotions SOLIDWORKS\u202f: r\u00e9ductions sur les logiciels, outils et formations pour booster votre productivit\u00e9.\" \/>\n<meta name=\"robots\" content=\"noindex, follow, max-snippet:-1, max-image-preview:large, max-video-preview:-1\" \/>\n<meta property=\"og:locale\" content=\"fr_FR\" \/>\n<meta property=\"og:type\" content=\"article\" \/>\n<meta property=\"og:title\" content=\"Promotions SOLIDWORKS - Solidxperts\" \/>\n<meta property=\"og:description\" content=\"Explorez nos promotions SOLIDWORKS\u202f: r\u00e9ductions sur les logiciels, outils et formations pour booster votre productivit\u00e9.\" \/>\n<meta property=\"og:url\" content=\"https:\/\/staging.solidxperts.com\/fr\/solidworks-promotions\/\" \/>\n<meta property=\"og:site_name\" content=\"Solidxperts\" \/>\n<meta property=\"article:publisher\" content=\"https:\/\/www.facebook.com\/solidxperts\" \/>\n<meta property=\"article:modified_time\" content=\"2025-01-29T23:49:34+00:00\" \/>\n<meta property=\"og:image\" content=\"https:\/\/staging.solidxperts.com\/wp-content\/uploads\/2024\/08\/SW-PROMO-2.webp\" \/>\n\t<meta property=\"og:image:width\" content=\"1000\" \/>\n\t<meta property=\"og:image:height\" content=\"562\" \/>\n\t<meta property=\"og:image:type\" content=\"image\/webp\" \/>\n<meta name=\"twitter:card\" content=\"summary_large_image\" \/>\n<meta name=\"twitter:site\" content=\"@solidxperts\" \/>\n<meta name=\"twitter:label1\" content=\"Est. reading time\" \/>\n\t<meta name=\"twitter:data1\" content=\"2 minutes\" \/>\n<script type=\"application\/ld+json\" class=\"yoast-schema-graph\">{\"@context\":\"https:\/\/schema.org\",\"@graph\":[{\"@type\":\"WebPage\",\"@id\":\"https:\/\/staging.solidxperts.com\/fr\/solidworks-promotions\/\",\"url\":\"https:\/\/staging.solidxperts.com\/fr\/solidworks-promotions\/\",\"name\":\"Promotions SOLIDWORKS - Solidxperts\",\"isPartOf\":{\"@id\":\"https:\/\/staging.solidxperts.com\/fr\/#website\"},\"primaryImageOfPage\":{\"@id\":\"https:\/\/staging.solidxperts.com\/fr\/solidworks-promotions\/#primaryimage\"},\"image\":{\"@id\":\"https:\/\/staging.solidxperts.com\/fr\/solidworks-promotions\/#primaryimage\"},\"thumbnailUrl\":\"https:\/\/staging.solidxperts.com\/wp-content\/uploads\/2024\/08\/SW-PROMO-2.webp\",\"datePublished\":\"2024-05-15T17:42:28+00:00\",\"dateModified\":\"2025-01-29T23:49:34+00:00\",\"description\":\"Explorez nos promotions SOLIDWORKS\u202f: r\u00e9ductions sur les logiciels, outils et formations pour booster votre productivit\u00e9.\",\"breadcrumb\":{\"@id\":\"https:\/\/staging.solidxperts.com\/fr\/solidworks-promotions\/#breadcrumb\"},\"inLanguage\":\"fr\",\"potentialAction\":[{\"@type\":\"ReadAction\",\"target\":[\"https:\/\/staging.solidxperts.com\/fr\/solidworks-promotions\/\"]}]},{\"@type\":\"ImageObject\",\"inLanguage\":\"fr\",\"@id\":\"https:\/\/staging.solidxperts.com\/fr\/solidworks-promotions\/#primaryimage\",\"url\":\"https:\/\/staging.solidxperts.com\/wp-content\/uploads\/2024\/08\/SW-PROMO-2.webp\",\"contentUrl\":\"https:\/\/staging.solidxperts.com\/wp-content\/uploads\/2024\/08\/SW-PROMO-2.webp\",\"width\":1000,\"height\":562,\"caption\":\"SW PROMO 2\"},{\"@type\":\"BreadcrumbList\",\"@id\":\"https:\/\/staging.solidxperts.com\/fr\/solidworks-promotions\/#breadcrumb\",\"itemListElement\":[{\"@type\":\"ListItem\",\"position\":1,\"name\":\"Home\",\"item\":\"https:\/\/staging.solidxperts.com\/fr\/\"},{\"@type\":\"ListItem\",\"position\":2,\"name\":\"Promotions SOLIDWORKS\"}]},{\"@type\":\"WebSite\",\"@id\":\"https:\/\/staging.solidxperts.com\/fr\/#website\",\"url\":\"https:\/\/staging.solidxperts.com\/fr\/\",\"name\":\"Solidxperts\",\"description\":\"SolidXperts | 3D Software &amp; Printing Solutions\",\"publisher\":{\"@id\":\"https:\/\/staging.solidxperts.com\/fr\/#organization\"},\"potentialAction\":[{\"@type\":\"SearchAction\",\"target\":{\"@type\":\"EntryPoint\",\"urlTemplate\":\"https:\/\/staging.solidxperts.com\/fr\/?s={search_term_string}\"},\"query-input\":{\"@type\":\"PropertyValueSpecification\",\"valueRequired\":true,\"valueName\":\"search_term_string\"}}],\"inLanguage\":\"fr\"},{\"@type\":\"Organization\",\"@id\":\"https:\/\/staging.solidxperts.com\/fr\/#organization\",\"name\":\"SolidXperts\",\"url\":\"https:\/\/staging.solidxperts.com\/fr\/\",\"logo\":{\"@type\":\"ImageObject\",\"inLanguage\":\"fr\",\"@id\":\"https:\/\/staging.solidxperts.com\/fr\/#\/schema\/logo\/image\/\",\"url\":\"\",\"contentUrl\":\"\",\"caption\":\"SolidXperts\"},\"image\":{\"@id\":\"https:\/\/staging.solidxperts.com\/fr\/#\/schema\/logo\/image\/\"},\"sameAs\":[\"https:\/\/www.facebook.com\/solidxperts\",\"https:\/\/x.com\/solidxperts\",\"https:\/\/www.linkedin.com\/company\/solidxperts\/\"]}]}<\/script>\n<!-- \/ Yoast SEO plugin. -->","yoast_head_json":{"title":"Promotions SOLIDWORKS - Solidxperts","description":"Explorez nos promotions SOLIDWORKS\u202f: r\u00e9ductions sur les logiciels, outils et formations pour booster votre productivit\u00e9.","robots":{"index":"noindex","follow":"follow","max-snippet":"max-snippet:-1","max-image-preview":"max-image-preview:large","max-video-preview":"max-video-preview:-1"},"og_locale":"fr_FR","og_type":"article","og_title":"Promotions SOLIDWORKS - Solidxperts","og_description":"Explorez nos promotions SOLIDWORKS\u202f: r\u00e9ductions sur les logiciels, outils et formations pour booster votre productivit\u00e9.","og_url":"https:\/\/staging.solidxperts.com\/fr\/solidworks-promotions\/","og_site_name":"Solidxperts","article_publisher":"https:\/\/www.facebook.com\/solidxperts","article_modified_time":"2025-01-29T23:49:34+00:00","og_image":[{"width":1000,"height":562,"url":"https:\/\/staging.solidxperts.com\/wp-content\/uploads\/2024\/08\/SW-PROMO-2.webp","type":"image\/webp"}],"twitter_card":"summary_large_image","twitter_site":"@solidxperts","twitter_misc":{"Est. reading time":"2 minutes"},"schema":{"@context":"https:\/\/schema.org","@graph":[{"@type":"WebPage","@id":"https:\/\/staging.solidxperts.com\/fr\/solidworks-promotions\/","url":"https:\/\/staging.solidxperts.com\/fr\/solidworks-promotions\/","name":"Promotions SOLIDWORKS - Solidxperts","isPartOf":{"@id":"https:\/\/staging.solidxperts.com\/fr\/#website"},"primaryImageOfPage":{"@id":"https:\/\/staging.solidxperts.com\/fr\/solidworks-promotions\/#primaryimage"},"image":{"@id":"https:\/\/staging.solidxperts.com\/fr\/solidworks-promotions\/#primaryimage"},"thumbnailUrl":"https:\/\/staging.solidxperts.com\/wp-content\/uploads\/2024\/08\/SW-PROMO-2.webp","datePublished":"2024-05-15T17:42:28+00:00","dateModified":"2025-01-29T23:49:34+00:00","description":"Explorez nos promotions SOLIDWORKS\u202f: r\u00e9ductions sur les logiciels, outils et formations pour booster votre productivit\u00e9.","breadcrumb":{"@id":"https:\/\/staging.solidxperts.com\/fr\/solidworks-promotions\/#breadcrumb"},"inLanguage":"fr","potentialAction":[{"@type":"ReadAction","target":["https:\/\/staging.solidxperts.com\/fr\/solidworks-promotions\/"]}]},{"@type":"ImageObject","inLanguage":"fr","@id":"https:\/\/staging.solidxperts.com\/fr\/solidworks-promotions\/#primaryimage","url":"https:\/\/staging.solidxperts.com\/wp-content\/uploads\/2024\/08\/SW-PROMO-2.webp","contentUrl":"https:\/\/staging.solidxperts.com\/wp-content\/uploads\/2024\/08\/SW-PROMO-2.webp","width":1000,"height":562,"caption":"SW PROMO 2"},{"@type":"BreadcrumbList","@id":"https:\/\/staging.solidxperts.com\/fr\/solidworks-promotions\/#breadcrumb","itemListElement":[{"@type":"ListItem","position":1,"name":"Home","item":"https:\/\/staging.solidxperts.com\/fr\/"},{"@type":"ListItem","position":2,"name":"Promotions SOLIDWORKS"}]},{"@type":"WebSite","@id":"https:\/\/staging.solidxperts.com\/fr\/#website","url":"https:\/\/staging.solidxperts.com\/fr\/","name":"Solidxperts","description":"SolidXperts | 3D Software &amp; Printing Solutions","publisher":{"@id":"https:\/\/staging.solidxperts.com\/fr\/#organization"},"potentialAction":[{"@type":"SearchAction","target":{"@type":"EntryPoint","urlTemplate":"https:\/\/staging.solidxperts.com\/fr\/?s={search_term_string}"},"query-input":{"@type":"PropertyValueSpecification","valueRequired":true,"valueName":"search_term_string"}}],"inLanguage":"fr"},{"@type":"Organization","@id":"https:\/\/staging.solidxperts.com\/fr\/#organization","name":"SolidXperts","url":"https:\/\/staging.solidxperts.com\/fr\/","logo":{"@type":"ImageObject","inLanguage":"fr","@id":"https:\/\/staging.solidxperts.com\/fr\/#\/schema\/logo\/image\/","url":"","contentUrl":"","caption":"SolidXperts"},"image":{"@id":"https:\/\/staging.solidxperts.com\/fr\/#\/schema\/logo\/image\/"},"sameAs":["https:\/\/www.facebook.com\/solidxperts","https:\/\/x.com\/solidxperts","https:\/\/www.linkedin.com\/company\/solidxperts\/"]}]}},"_links":{"self":[{"href":"https:\/\/staging.solidxperts.com\/fr\/wp-json\/wp\/v2\/pages\/262971","targetHints":{"allow":["GET"]}}],"collection":[{"href":"https:\/\/staging.solidxperts.com\/fr\/wp-json\/wp\/v2\/pages"}],"about":[{"href":"https:\/\/staging.solidxperts.com\/fr\/wp-json\/wp\/v2\/types\/page"}],"author":[{"embeddable":true,"href":"https:\/\/staging.solidxperts.com\/fr\/wp-json\/wp\/v2\/users\/9"}],"replies":[{"embeddable":true,"href":"https:\/\/staging.solidxperts.com\/fr\/wp-json\/wp\/v2\/comments?post=262971"}],"version-history":[{"count":29,"href":"https:\/\/staging.solidxperts.com\/fr\/wp-json\/wp\/v2\/pages\/262971\/revisions"}],"predecessor-version":[{"id":267141,"href":"https:\/\/staging.solidxperts.com\/fr\/wp-json\/wp\/v2\/pages\/262971\/revisions\/267141"}],"wp:featuredmedia":[{"embeddable":true,"href":"https:\/\/staging.solidxperts.com\/fr\/wp-json\/wp\/v2\/media\/264100"}],"wp:attachment":[{"href":"https:\/\/staging.solidxperts.com\/fr\/wp-json\/wp\/v2\/media?parent=262971"}],"curies":[{"name":"wp","href":"https:\/\/api.w.org\/{rel}","templated":true}]}}