{"id":265504,"date":"2024-10-28T16:18:46","date_gmt":"2024-10-28T20:18:46","guid":{"rendered":"https:\/\/www.solidxperts.com\/?page_id=264819"},"modified":"2025-03-06T14:20:32","modified_gmt":"2025-03-06T19:20:32","slug":"tarifs-de-solidworks-cloud","status":"publish","type":"page","link":"https:\/\/staging.solidxperts.com\/fr\/tarifs-de-solidworks-cloud\/","title":{"rendered":"Plans et tarifs de SOLIDWORKS Cloud"},"content":{"rendered":"<p>[vc_row full_width=&#8221;stretch_row_content_no_spaces&#8221; el_class=&#8221;pd-1 product-detail-header pd-buy-sw&#8221;][vc_column][vc_row_inner el_class=&#8221;inner container container-center&#8221;][vc_column_inner][vc_column_text el_class=&#8221;title&#8221;]<\/p>\n<h1 style=\"text-align: left;\">Tarifs de SOLIDWORKS Cloud<\/h1>\n<p>[\/vc_column_text][\/vc_column_inner][\/vc_row_inner][vc_single_image el_class=&#8221;bg&#8221;][\/vc_column][\/vc_row][vc_row full_width=&#8221;stretch_row_content_no_spaces&#8221; el_class=&#8221;pd-6&#8243; el_id=&#8221;draftSight2D&#8221;][vc_column][vc_row_inner el_class=&#8221;block container container-center&#8221;][vc_column_inner el_class=&#8221;list&#8221; width=&#8221;1\/2&#8243;][vc_column_text el_class=&#8221;top&#8221;]<\/p>\n<h6>GARANTIE DE REMBOURSEMENT DE 15 JOURS<\/h6>\n<h3>Abonnement trimestriel<\/h3>\n<p>[\/vc_column_text][vc_column_text el_class=&#8221;bottom&#8221;]<\/p>\n<h2 style=\"text-align: center; color: white;\">CAD 936*<\/h2>\n<p>&nbsp;<\/p>\n<p>Cette offre comprend :<\/p>\n<ul>\n<li>3D Creator | Parametric Design<\/li>\n<li>3D Sculptor | Freeform Design<\/li>\n<li>3D SheetMetal Creator | Sheet Metal Design<\/li>\n<li>3D Structure Creator | Structure Design<\/li>\n<li>Manufacturing Definition Creator | Detailing for Manufacturing<\/li>\n<li>3D Render | Rendering<\/li>\n<li>Drafter* | Detailing for Manufacturing<\/li>\n<li>Collaborative Industry Innovator | Life Cycle and Data Management<\/li>\n<li>3DSwymer | Collaboration<\/li>\n<\/ul>\n<p>&nbsp;<\/p>\n<p>*Cloud Connected (Installation Windows)[\/vc_column_text][vc_column_text]<a class=\"link link-download list\" href=\"https:\/\/can01.safelinks.protection.outlook.com\/?url=https%3A%2F%2Fmy.3dexperience.3ds.com%2Fcnb%2Foffers%2FOS4PXWZO%3FlicencingScheme%3DQSC%26partnerId%3D200000000068123%26utm_campaign%3DNo_campaign%26utm_medium%3DCBE_AFPARTNER200000000068123_Organic%26utm_source%3DCBE_AFPARTNER200000000068123_Organic%26utm_term%3DNo_term&amp;data=05%7C02%7Cbnick%40solidxperience.com%7Cbf1324663cd941c6902608dcf4f5ea1d%7C19edffeb045b4308bf7d0ee077fe2171%7C0%7C0%7C638654584242386711%7CUnknown%7CTWFpbGZsb3d8eyJWIjoiMC4wLjAwMDAiLCJQIjoiV2luMzIiLCJBTiI6Ik1haWwiLCJXVCI6Mn0%3D%7C0%7C%7C%7C&amp;sdata=gw603gGwa2iI2mzl6mWkkUa668fFHpLmIAbE8POTKiE%3D&amp;reserved=0\" target=\"_blank\" rel=\"noopener nofollow\">Acheter maintenant<\/a>[\/vc_column_text][\/vc_column_inner][vc_column_inner el_class=&#8221;list&#8221; width=&#8221;1\/2&#8243;][vc_column_text el_class=&#8221;top&#8221;]<\/p>\n<h6>GARANTIE DE REMBOURSEMENT DE 15 JOURS<\/h6>\n<h3>Abonnement annuel<\/h3>\n<p>[\/vc_column_text][vc_column_text el_class=&#8221;bottom&#8221;]<\/p>\n<h2 style=\"text-align: center; color: white;\">CAD 3,120*<\/h2>\n<p>&nbsp;<\/p>\n<p>Cette offre comprend :<\/p>\n<ul>\n<li>3D Creator | Parametric Design<\/li>\n<li>3D Sculptor | Freeform Design<\/li>\n<li>3D SheetMetal Creator | Sheet Metal Design<\/li>\n<li>3D Structure Creator | Structure Design<\/li>\n<li>Manufacturing Definition Creator | Detailing for Manufacturing<\/li>\n<li>3D Render | Rendering<\/li>\n<li>Drafter* | Detailing for Manufacturing<\/li>\n<li>Collaborative Industry Innovator | Life Cycle and Data Management<\/li>\n<li>3DSwymer | Collaboration<\/li>\n<\/ul>\n<p>&nbsp;<\/p>\n<p>*Cloud Connected (Installation Windows)[\/vc_column_text][vc_column_text]<a class=\"link link-download list\" href=\"https:\/\/can01.safelinks.protection.outlook.com\/?url=https%3A%2F%2Fmy.3dexperience.3ds.com%2Fcnb%2Foffers%2FOS4PXWZO%3FlicencingScheme%3DYSC%26partnerId%3D200000000068123%26utm_campaign%3DNo_campaign%26utm_medium%3DCBE_AFPARTNER200000000068123_Organic%26utm_source%3DCBE_AFPARTNER200000000068123_Organic%26utm_term%3DNo_term&amp;data=05%7C02%7Cbnick%40solidxperience.com%7Cbf1324663cd941c6902608dcf4f5ea1d%7C19edffeb045b4308bf7d0ee077fe2171%7C0%7C0%7C638654584242413757%7CUnknown%7CTWFpbGZsb3d8eyJWIjoiMC4wLjAwMDAiLCJQIjoiV2luMzIiLCJBTiI6Ik1haWwiLCJXVCI6Mn0%3D%7C0%7C%7C%7C&amp;sdata=iekoI5zDI1EsBW1WCL%2BzwczHlzcXHCIEj%2BI2v9wqAr0%3D&amp;reserved=0\" target=\"_blank\" rel=\"noopener nofollow\">Acheter maintenant<\/a>[\/vc_column_text][\/vc_column_inner][\/vc_row_inner][\/vc_column][\/vc_row]<\/p>\n","protected":false},"excerpt":{"rendered":"<p>[vc_row full_width=&#8221;stretch_row_content_no_spaces&#8221; el_class=&#8221;pd-1 product-detail-header pd-buy-sw&#8221;][vc_column][vc_row_inner el_class=&#8221;inner container container-center&#8221;][vc_column_inner][vc_column_text el_class=&#8221;title&#8221;] Tarifs de SOLIDWORKS Cloud [\/vc_column_text][\/vc_column_inner][\/vc_row_inner][vc_single_image el_class=&#8221;bg&#8221;][\/vc_column][\/vc_row][vc_row full_width=&#8221;stretch_row_content_no_spaces&#8221; el_class=&#8221;pd-6&#8243; el_id=&#8221;draftSight2D&#8221;][vc_column][vc_row_inner el_class=&#8221;block container container-center&#8221;][vc_column_inner el_class=&#8221;list&#8221; width=&#8221;1\/2&#8243;][vc_column_text el_class=&#8221;top&#8221;] GARANTIE DE REMBOURSEMENT DE 15 JOURS Abonnement trimestriel [\/vc_column_text][vc_column_text el_class=&#8221;bottom&#8221;] CAD 936* &nbsp; Cette offre comprend : 3D Creator | Parametric Design 3D Sculptor | Freeform Design 3D SheetMetal Creator | [&hellip;]<\/p>\n","protected":false},"author":9,"featured_media":4763,"parent":0,"menu_order":0,"comment_status":"closed","ping_status":"closed","template":"template-parts\/temp-product-detail-page.php","meta":{"footnotes":""},"class_list":["post-265504","page","type-page","status-publish","has-post-thumbnail","hentry"],"yoast_head":"<!-- This site is optimized with the Yoast SEO plugin v26.8 - https:\/\/yoast.com\/product\/yoast-seo-wordpress\/ -->\n<title>Plans et tarifs de SOLIDWORKS Cloud - Solidxperts<\/title>\n<meta name=\"description\" content=\"D\u00e9couvrez les plans et tarifs SOLIDWORKS Cloud pour des outils 3D puissants et flexibles, adapt\u00e9s \u00e0 vos besoins.\" \/>\n<meta name=\"robots\" content=\"noindex, follow, max-snippet:-1, max-image-preview:large, max-video-preview:-1\" \/>\n<meta property=\"og:locale\" content=\"fr_FR\" \/>\n<meta property=\"og:type\" content=\"article\" \/>\n<meta property=\"og:title\" content=\"Plans et tarifs de SOLIDWORKS Cloud - Solidxperts\" \/>\n<meta property=\"og:description\" content=\"D\u00e9couvrez les plans et tarifs SOLIDWORKS Cloud pour des outils 3D puissants et flexibles, adapt\u00e9s \u00e0 vos besoins.\" \/>\n<meta property=\"og:url\" content=\"https:\/\/staging.solidxperts.com\/fr\/tarifs-de-solidworks-cloud\/\" \/>\n<meta property=\"og:site_name\" content=\"Solidxperts\" \/>\n<meta property=\"article:publisher\" content=\"https:\/\/www.facebook.com\/solidxperts\" \/>\n<meta property=\"article:modified_time\" content=\"2025-03-06T19:20:32+00:00\" \/>\n<meta property=\"og:image\" content=\"https:\/\/staging.solidxperts.com\/wp-content\/uploads\/2021\/10\/Solidworks-Draftsight-1920-1198.jpg\" \/>\n\t<meta property=\"og:image:width\" content=\"1920\" \/>\n\t<meta property=\"og:image:height\" content=\"1198\" \/>\n\t<meta property=\"og:image:type\" content=\"image\/jpeg\" \/>\n<meta name=\"twitter:card\" content=\"summary_large_image\" \/>\n<meta name=\"twitter:site\" content=\"@solidxperts\" \/>\n<meta name=\"twitter:label1\" content=\"Est. reading time\" \/>\n\t<meta name=\"twitter:data1\" content=\"1 minute\" \/>\n<script type=\"application\/ld+json\" class=\"yoast-schema-graph\">{\"@context\":\"https:\/\/schema.org\",\"@graph\":[{\"@type\":\"WebPage\",\"@id\":\"https:\/\/staging.solidxperts.com\/fr\/tarifs-de-solidworks-cloud\/\",\"url\":\"https:\/\/staging.solidxperts.com\/fr\/tarifs-de-solidworks-cloud\/\",\"name\":\"Plans et tarifs de SOLIDWORKS Cloud - Solidxperts\",\"isPartOf\":{\"@id\":\"https:\/\/staging.solidxperts.com\/fr\/#website\"},\"primaryImageOfPage\":{\"@id\":\"https:\/\/staging.solidxperts.com\/fr\/tarifs-de-solidworks-cloud\/#primaryimage\"},\"image\":{\"@id\":\"https:\/\/staging.solidxperts.com\/fr\/tarifs-de-solidworks-cloud\/#primaryimage\"},\"thumbnailUrl\":\"https:\/\/staging.solidxperts.com\/wp-content\/uploads\/2021\/10\/Solidworks-Draftsight-1920-1198.jpg\",\"datePublished\":\"2024-10-28T20:18:46+00:00\",\"dateModified\":\"2025-03-06T19:20:32+00:00\",\"description\":\"D\u00e9couvrez les plans et tarifs SOLIDWORKS Cloud pour des outils 3D puissants et flexibles, adapt\u00e9s \u00e0 vos besoins.\",\"breadcrumb\":{\"@id\":\"https:\/\/staging.solidxperts.com\/fr\/tarifs-de-solidworks-cloud\/#breadcrumb\"},\"inLanguage\":\"fr\",\"potentialAction\":[{\"@type\":\"ReadAction\",\"target\":[\"https:\/\/staging.solidxperts.com\/fr\/tarifs-de-solidworks-cloud\/\"]}]},{\"@type\":\"ImageObject\",\"inLanguage\":\"fr\",\"@id\":\"https:\/\/staging.solidxperts.com\/fr\/tarifs-de-solidworks-cloud\/#primaryimage\",\"url\":\"https:\/\/staging.solidxperts.com\/wp-content\/uploads\/2021\/10\/Solidworks-Draftsight-1920-1198.jpg\",\"contentUrl\":\"https:\/\/staging.solidxperts.com\/wp-content\/uploads\/2021\/10\/Solidworks-Draftsight-1920-1198.jpg\",\"width\":1920,\"height\":1198,\"caption\":\"SOLIDWORKS DraftSight\"},{\"@type\":\"BreadcrumbList\",\"@id\":\"https:\/\/staging.solidxperts.com\/fr\/tarifs-de-solidworks-cloud\/#breadcrumb\",\"itemListElement\":[{\"@type\":\"ListItem\",\"position\":1,\"name\":\"Home\",\"item\":\"https:\/\/staging.solidxperts.com\/fr\/\"},{\"@type\":\"ListItem\",\"position\":2,\"name\":\"Plans et tarifs de SOLIDWORKS Cloud\"}]},{\"@type\":\"WebSite\",\"@id\":\"https:\/\/staging.solidxperts.com\/fr\/#website\",\"url\":\"https:\/\/staging.solidxperts.com\/fr\/\",\"name\":\"Solidxperts\",\"description\":\"SolidXperts | 3D Software &amp; Printing Solutions\",\"publisher\":{\"@id\":\"https:\/\/staging.solidxperts.com\/fr\/#organization\"},\"potentialAction\":[{\"@type\":\"SearchAction\",\"target\":{\"@type\":\"EntryPoint\",\"urlTemplate\":\"https:\/\/staging.solidxperts.com\/fr\/?s={search_term_string}\"},\"query-input\":{\"@type\":\"PropertyValueSpecification\",\"valueRequired\":true,\"valueName\":\"search_term_string\"}}],\"inLanguage\":\"fr\"},{\"@type\":\"Organization\",\"@id\":\"https:\/\/staging.solidxperts.com\/fr\/#organization\",\"name\":\"SolidXperts\",\"url\":\"https:\/\/staging.solidxperts.com\/fr\/\",\"logo\":{\"@type\":\"ImageObject\",\"inLanguage\":\"fr\",\"@id\":\"https:\/\/staging.solidxperts.com\/fr\/#\/schema\/logo\/image\/\",\"url\":\"\",\"contentUrl\":\"\",\"caption\":\"SolidXperts\"},\"image\":{\"@id\":\"https:\/\/staging.solidxperts.com\/fr\/#\/schema\/logo\/image\/\"},\"sameAs\":[\"https:\/\/www.facebook.com\/solidxperts\",\"https:\/\/x.com\/solidxperts\",\"https:\/\/www.linkedin.com\/company\/solidxperts\/\"]}]}<\/script>\n<!-- \/ Yoast SEO plugin. -->","yoast_head_json":{"title":"Plans et tarifs de SOLIDWORKS Cloud - Solidxperts","description":"D\u00e9couvrez les plans et tarifs SOLIDWORKS Cloud pour des outils 3D puissants et flexibles, adapt\u00e9s \u00e0 vos besoins.","robots":{"index":"noindex","follow":"follow","max-snippet":"max-snippet:-1","max-image-preview":"max-image-preview:large","max-video-preview":"max-video-preview:-1"},"og_locale":"fr_FR","og_type":"article","og_title":"Plans et tarifs de SOLIDWORKS Cloud - Solidxperts","og_description":"D\u00e9couvrez les plans et tarifs SOLIDWORKS Cloud pour des outils 3D puissants et flexibles, adapt\u00e9s \u00e0 vos besoins.","og_url":"https:\/\/staging.solidxperts.com\/fr\/tarifs-de-solidworks-cloud\/","og_site_name":"Solidxperts","article_publisher":"https:\/\/www.facebook.com\/solidxperts","article_modified_time":"2025-03-06T19:20:32+00:00","og_image":[{"width":1920,"height":1198,"url":"https:\/\/staging.solidxperts.com\/wp-content\/uploads\/2021\/10\/Solidworks-Draftsight-1920-1198.jpg","type":"image\/jpeg"}],"twitter_card":"summary_large_image","twitter_site":"@solidxperts","twitter_misc":{"Est. reading time":"1 minute"},"schema":{"@context":"https:\/\/schema.org","@graph":[{"@type":"WebPage","@id":"https:\/\/staging.solidxperts.com\/fr\/tarifs-de-solidworks-cloud\/","url":"https:\/\/staging.solidxperts.com\/fr\/tarifs-de-solidworks-cloud\/","name":"Plans et tarifs de SOLIDWORKS Cloud - Solidxperts","isPartOf":{"@id":"https:\/\/staging.solidxperts.com\/fr\/#website"},"primaryImageOfPage":{"@id":"https:\/\/staging.solidxperts.com\/fr\/tarifs-de-solidworks-cloud\/#primaryimage"},"image":{"@id":"https:\/\/staging.solidxperts.com\/fr\/tarifs-de-solidworks-cloud\/#primaryimage"},"thumbnailUrl":"https:\/\/staging.solidxperts.com\/wp-content\/uploads\/2021\/10\/Solidworks-Draftsight-1920-1198.jpg","datePublished":"2024-10-28T20:18:46+00:00","dateModified":"2025-03-06T19:20:32+00:00","description":"D\u00e9couvrez les plans et tarifs SOLIDWORKS Cloud pour des outils 3D puissants et flexibles, adapt\u00e9s \u00e0 vos besoins.","breadcrumb":{"@id":"https:\/\/staging.solidxperts.com\/fr\/tarifs-de-solidworks-cloud\/#breadcrumb"},"inLanguage":"fr","potentialAction":[{"@type":"ReadAction","target":["https:\/\/staging.solidxperts.com\/fr\/tarifs-de-solidworks-cloud\/"]}]},{"@type":"ImageObject","inLanguage":"fr","@id":"https:\/\/staging.solidxperts.com\/fr\/tarifs-de-solidworks-cloud\/#primaryimage","url":"https:\/\/staging.solidxperts.com\/wp-content\/uploads\/2021\/10\/Solidworks-Draftsight-1920-1198.jpg","contentUrl":"https:\/\/staging.solidxperts.com\/wp-content\/uploads\/2021\/10\/Solidworks-Draftsight-1920-1198.jpg","width":1920,"height":1198,"caption":"SOLIDWORKS DraftSight"},{"@type":"BreadcrumbList","@id":"https:\/\/staging.solidxperts.com\/fr\/tarifs-de-solidworks-cloud\/#breadcrumb","itemListElement":[{"@type":"ListItem","position":1,"name":"Home","item":"https:\/\/staging.solidxperts.com\/fr\/"},{"@type":"ListItem","position":2,"name":"Plans et tarifs de SOLIDWORKS Cloud"}]},{"@type":"WebSite","@id":"https:\/\/staging.solidxperts.com\/fr\/#website","url":"https:\/\/staging.solidxperts.com\/fr\/","name":"Solidxperts","description":"SolidXperts | 3D Software &amp; Printing Solutions","publisher":{"@id":"https:\/\/staging.solidxperts.com\/fr\/#organization"},"potentialAction":[{"@type":"SearchAction","target":{"@type":"EntryPoint","urlTemplate":"https:\/\/staging.solidxperts.com\/fr\/?s={search_term_string}"},"query-input":{"@type":"PropertyValueSpecification","valueRequired":true,"valueName":"search_term_string"}}],"inLanguage":"fr"},{"@type":"Organization","@id":"https:\/\/staging.solidxperts.com\/fr\/#organization","name":"SolidXperts","url":"https:\/\/staging.solidxperts.com\/fr\/","logo":{"@type":"ImageObject","inLanguage":"fr","@id":"https:\/\/staging.solidxperts.com\/fr\/#\/schema\/logo\/image\/","url":"","contentUrl":"","caption":"SolidXperts"},"image":{"@id":"https:\/\/staging.solidxperts.com\/fr\/#\/schema\/logo\/image\/"},"sameAs":["https:\/\/www.facebook.com\/solidxperts","https:\/\/x.com\/solidxperts","https:\/\/www.linkedin.com\/company\/solidxperts\/"]}]}},"_links":{"self":[{"href":"https:\/\/staging.solidxperts.com\/fr\/wp-json\/wp\/v2\/pages\/265504","targetHints":{"allow":["GET"]}}],"collection":[{"href":"https:\/\/staging.solidxperts.com\/fr\/wp-json\/wp\/v2\/pages"}],"about":[{"href":"https:\/\/staging.solidxperts.com\/fr\/wp-json\/wp\/v2\/types\/page"}],"author":[{"embeddable":true,"href":"https:\/\/staging.solidxperts.com\/fr\/wp-json\/wp\/v2\/users\/9"}],"replies":[{"embeddable":true,"href":"https:\/\/staging.solidxperts.com\/fr\/wp-json\/wp\/v2\/comments?post=265504"}],"version-history":[{"count":8,"href":"https:\/\/staging.solidxperts.com\/fr\/wp-json\/wp\/v2\/pages\/265504\/revisions"}],"predecessor-version":[{"id":267670,"href":"https:\/\/staging.solidxperts.com\/fr\/wp-json\/wp\/v2\/pages\/265504\/revisions\/267670"}],"wp:featuredmedia":[{"embeddable":true,"href":"https:\/\/staging.solidxperts.com\/fr\/wp-json\/wp\/v2\/media\/4763"}],"wp:attachment":[{"href":"https:\/\/staging.solidxperts.com\/fr\/wp-json\/wp\/v2\/media?parent=265504"}],"curies":[{"name":"wp","href":"https:\/\/api.w.org\/{rel}","templated":true}]}}