{"id":265505,"date":"2024-10-28T15:23:00","date_gmt":"2024-10-28T19:23:00","guid":{"rendered":"https:\/\/www.solidxperts.com\/?page_id=264823"},"modified":"2025-03-06T14:18:25","modified_gmt":"2025-03-06T19:18:25","slug":"plans-et-tarifs-de-solidworks-avec-les-services-en-cloud","status":"publish","type":"page","link":"https:\/\/staging.solidxperts.com\/fr\/plans-et-tarifs-de-solidworks-avec-les-services-en-cloud\/","title":{"rendered":"SOLIDWORKS avec les services cloud"},"content":{"rendered":"<p>[vc_row full_width=&#8221;stretch_row_content_no_spaces&#8221; el_class=&#8221;pd-1 product-detail-header pd-buy-sw&#8221;][vc_column][vc_row_inner el_class=&#8221;inner container container-center&#8221;][vc_column_inner][vc_column_text el_class=&#8221;title&#8221;]<\/p>\n<h1 style=\"text-align: left;\">SOLIDWORKS avec les services cloud<\/h1>\n<p>[\/vc_column_text][vc_column_text el_class=&#8221;details&#8221;]<\/p>\n<p style=\"text-align: left;\">Acheter en ligne pour une livraison instantan\u00e9e de la licence<\/p>\n<p>[\/vc_column_text][\/vc_column_inner][\/vc_row_inner][vc_single_image el_class=&#8221;bg&#8221;][\/vc_column][\/vc_row][vc_row full_width=&#8221;stretch_row_content_no_spaces&#8221; el_class=&#8221;pd-6&#8243; el_id=&#8221;draftSight2D&#8221;][vc_column][vc_row_inner el_class=&#8221;block container container-center&#8221;][vc_column_inner el_class=&#8221;list&#8221; width=&#8221;1\/3&#8243;][vc_column_text el_class=&#8221;top&#8221;]<\/p>\n<h6>15 JOURS DE GARANTIE DE REMBOURSEMENT<\/h6>\n<h3>SOLIDWORKS Standard avec services cloud<\/h3>\n<p>[\/vc_column_text][vc_column_text el_class=&#8221;bottom&#8221;]<h2 style=\"text-align: center;color:#fff;\">USD 2,820*<\/h2><\/p>\n<p>&nbsp;<\/p>\n<ul>\n<li>Fonctionnalit\u00e9s standard pour les pi\u00e8ces, les assemblages et les dessins<\/li>\n<li>Outils de collaboration en temps r\u00e9el pour le partage et l&#8217;annotation des conceptions<\/li>\n<li>Gestion s\u00e9curis\u00e9e des fichiers et des r\u00e9visions bas\u00e9e sur le cloud<\/li>\n<li>Documentation de fabrication pr\u00eate pour la production<\/li>\n<li>Acc\u00e8s au support technique<\/li>\n<\/ul>\n<p>&nbsp;<\/p>\n<p>*Le prix ne comprend pas les taxes de vente\/la TVA locale. Prix de vente conseill\u00e9 pour une licence monoposte. Le prix final est affich\u00e9 dans la devise locale au moment du paiement.[\/vc_column_text][vc_column_text]<a class=\"link link-download list\" href=\"https:\/\/store.solidworks.com\/1840\/purl-SOLIDWORKS-Standard?x-partnerId=200000000068123&amp;x-varid=1-316-105&amp;utm_campaign=No_campaign&amp;utm_medium=CBE_AFPARTNER200000000068123_Organic&amp;utm_source=CBE_AFPARTNER200000000068123_Organic&amp;utm_term=No_term\" target=\"_blank\" rel=\"noopener nofollow\">Acheter maintenant<\/a>[\/vc_column_text][\/vc_column_inner][vc_column_inner el_class=&#8221;list&#8221; width=&#8221;1\/3&#8243;][vc_column_text el_class=&#8221;top&#8221;]<\/p>\n<h6>15 JOURS DE GARANTIE DE REMBOURSEMENT<\/h6>\n<h3>SOLIDWORKS Professional avec services cloud<\/h3>\n<p>[\/vc_column_text][vc_column_text el_class=&#8221;bottom&#8221;]<h2 style=\"text-align: center;color:#fff;\">USD 3,456*<\/h2><\/p>\n<p>&nbsp;<\/p>\n<ul>\n<li>Toutes les fonctionnalit\u00e9s de SOLIDWORKS Standard, plus :<\/li>\n<li>Acc\u00e8s \u00e0 une biblioth\u00e8que CAO intelligente contenant des composants, des fixations et des pi\u00e8ces de quincaillerie<\/li>\n<li>Capacit\u00e9s de rendu photor\u00e9aliste<\/li>\n<li>Analyse automatis\u00e9e de l&#8217;empilement des tol\u00e9rances<\/li>\n<li>Estimation des co\u00fbts int\u00e9gr\u00e9e<\/li>\n<li>V\u00e9rification des normes de CAO<\/li>\n<li>Support technique<\/li>\n<\/ul>\n<p>&nbsp;<\/p>\n<p>*Le prix ne comprend pas les taxes de vente\/la TVA locale. Prix de vente conseill\u00e9 pour une licence monoposte. Le prix final est affich\u00e9 dans la devise locale au moment du paiement.[\/vc_column_text][vc_column_text]<a class=\"link link-download list\" href=\"https:\/\/can01.safelinks.protection.outlook.com\/?url=https%3A%2F%2Fstore.solidworks.com%2F1840%2Fpurl-SOLIDWORKS-Professional%3Fx-partnerId%3D200000000068123%26x-varid%3D1-316-105%26utm_campaign%3DNo_campaign%26utm_medium%3DCBE_AFPARTNER200000000068123_Organic%26utm_source%3DCBE_AFPARTNER200000000068123_Organic%26utm_term%3DNo_term&amp;data=05%7C02%7Cbnick%40solidxperience.com%7Cbf1324663cd941c6902608dcf4f5ea1d%7C19edffeb045b4308bf7d0ee077fe2171%7C0%7C0%7C638654584242469915%7CUnknown%7CTWFpbGZsb3d8eyJWIjoiMC4wLjAwMDAiLCJQIjoiV2luMzIiLCJBTiI6Ik1haWwiLCJXVCI6Mn0%3D%7C0%7C%7C%7C&amp;sdata=eC7rgLMvRns8HU1yeOUsIMhBlrEqGDB8fiFjl0sspwE%3D&amp;reserved=0\" target=\"_blank\" rel=\"noopener nofollow\">Acheter maintenant<\/a>[\/vc_column_text][\/vc_column_inner][vc_column_inner el_class=&#8221;list&#8221; width=&#8221;1\/3&#8243;][vc_column_text el_class=&#8221;top&#8221;]<\/p>\n<h6>15 JOURS DE GARANTIE DE REMBOURSEMENT<\/h6>\n<h3 class=\"elementor-price-table__heading\">SOLIDWORKS Premium avec services cloud<\/h3>\n<p>[\/vc_column_text][vc_column_text el_class=&#8221;bottom&#8221;]<h2 style=\"text-align: center;color:#fff;\">USD 4,716*<\/h2><\/p>\n<p>&nbsp;<\/p>\n<ul>\n<li>Inclut toutes les fonctionnalit\u00e9s de SOLIDWORKS Professional, plus :<\/li>\n<li>Routage de c\u00e2bles \u00e9lectriques et de faisceaux de c\u00e2bles<\/li>\n<li>Possibilit\u00e9s de routage de tuyaux et de tubes<\/li>\n<li>Analyse statique lin\u00e9aire pour les pi\u00e8ces et les assemblages<\/li>\n<li>Analyse de mouvement bas\u00e9e sur le temps<\/li>\n<li>Outils avanc\u00e9s d&#8217;aplanissement des surfaces<\/li>\n<li>Support technique<\/li>\n<\/ul>\n<p>&nbsp;<\/p>\n<p>*Le prix ne comprend pas les taxes de vente\/la TVA locale. Prix de vente conseill\u00e9 pour une licence monoposte. Le prix final est affich\u00e9 dans la devise locale au moment du paiement.[\/vc_column_text][vc_column_text]<a class=\"link link-download list\" href=\"https:\/\/can01.safelinks.protection.outlook.com\/?url=https%3A%2F%2Fstore.solidworks.com%2F1840%2Fpurl-SOLIDWORKS-Premium%3Fx-partnerId%3D200000000068123%26x-varid%3D1-316-105%26utm_campaign%3DNo_campaign%26utm_medium%3DCBE_AFPARTNER200000000068123_Organic%26utm_source%3DCBE_AFPARTNER200000000068123_Organic%26utm_term%3DNo_term&amp;data=05%7C02%7Cbnick%40solidxperience.com%7Cbf1324663cd941c6902608dcf4f5ea1d%7C19edffeb045b4308bf7d0ee077fe2171%7C0%7C0%7C638654584242497664%7CUnknown%7CTWFpbGZsb3d8eyJWIjoiMC4wLjAwMDAiLCJQIjoiV2luMzIiLCJBTiI6Ik1haWwiLCJXVCI6Mn0%3D%7C0%7C%7C%7C&amp;sdata=fwX92n65ZA2vQcRGNs3T9KzYfatSzzKCWtW532u0gHI%3D&amp;reserved=0\" target=\"_blank\" rel=\"noopener nofollow\">Acheter maintenant<\/a>[\/vc_column_text][\/vc_column_inner][\/vc_row_inner][\/vc_column][\/vc_row]<\/p>\n","protected":false},"excerpt":{"rendered":"<p>[vc_row full_width=&#8221;stretch_row_content_no_spaces&#8221; el_class=&#8221;pd-1 product-detail-header pd-buy-sw&#8221;][vc_column][vc_row_inner el_class=&#8221;inner container container-center&#8221;][vc_column_inner][vc_column_text el_class=&#8221;title&#8221;] SOLIDWORKS avec les services cloud [\/vc_column_text][vc_column_text el_class=&#8221;details&#8221;] Acheter en ligne pour une livraison instantan\u00e9e de la licence [\/vc_column_text][\/vc_column_inner][\/vc_row_inner][vc_single_image el_class=&#8221;bg&#8221;][\/vc_column][\/vc_row][vc_row full_width=&#8221;stretch_row_content_no_spaces&#8221; el_class=&#8221;pd-6&#8243; el_id=&#8221;draftSight2D&#8221;][vc_column][vc_row_inner el_class=&#8221;block container container-center&#8221;][vc_column_inner el_class=&#8221;list&#8221; width=&#8221;1\/3&#8243;][vc_column_text el_class=&#8221;top&#8221;] 15 JOURS DE GARANTIE DE REMBOURSEMENT SOLIDWORKS Standard avec services cloud [\/vc_column_text][vc_column_text el_class=&#8221;bottom&#8221;] &nbsp; Fonctionnalit\u00e9s standard pour les [&hellip;]<\/p>\n","protected":false},"author":9,"featured_media":4763,"parent":0,"menu_order":0,"comment_status":"closed","ping_status":"closed","template":"template-parts\/temp-product-detail-page.php","meta":{"footnotes":""},"class_list":["post-265505","page","type-page","status-publish","has-post-thumbnail","hentry"],"yoast_head":"<!-- This site is optimized with the Yoast SEO plugin v26.8 - https:\/\/yoast.com\/product\/yoast-seo-wordpress\/ -->\n<title>SOLIDWORKS avec les services cloud - Solidxperts<\/title>\n<meta name=\"description\" content=\"Associez SOLIDWORKS aux services cloud pour un design collaboratif et une gestion des donn\u00e9es sans limites.\" \/>\n<meta name=\"robots\" content=\"noindex, follow, max-snippet:-1, max-image-preview:large, max-video-preview:-1\" \/>\n<meta property=\"og:locale\" content=\"fr_FR\" \/>\n<meta property=\"og:type\" content=\"article\" \/>\n<meta property=\"og:title\" content=\"SOLIDWORKS avec les services cloud - Solidxperts\" \/>\n<meta property=\"og:description\" content=\"Associez SOLIDWORKS aux services cloud pour un design collaboratif et une gestion des donn\u00e9es sans limites.\" \/>\n<meta property=\"og:url\" content=\"https:\/\/staging.solidxperts.com\/fr\/plans-et-tarifs-de-solidworks-avec-les-services-en-cloud\/\" \/>\n<meta property=\"og:site_name\" content=\"Solidxperts\" \/>\n<meta property=\"article:publisher\" content=\"https:\/\/www.facebook.com\/solidxperts\" \/>\n<meta property=\"article:modified_time\" content=\"2025-03-06T19:18:25+00:00\" \/>\n<meta property=\"og:image\" content=\"https:\/\/staging.solidxperts.com\/wp-content\/uploads\/2021\/10\/Solidworks-Draftsight-1920-1198.jpg\" \/>\n\t<meta property=\"og:image:width\" content=\"1920\" \/>\n\t<meta property=\"og:image:height\" content=\"1198\" \/>\n\t<meta property=\"og:image:type\" content=\"image\/jpeg\" \/>\n<meta name=\"twitter:card\" content=\"summary_large_image\" \/>\n<meta name=\"twitter:site\" content=\"@solidxperts\" \/>\n<meta name=\"twitter:label1\" content=\"Est. reading time\" \/>\n\t<meta name=\"twitter:data1\" content=\"2 minutes\" \/>\n<script type=\"application\/ld+json\" class=\"yoast-schema-graph\">{\"@context\":\"https:\/\/schema.org\",\"@graph\":[{\"@type\":\"WebPage\",\"@id\":\"https:\/\/staging.solidxperts.com\/fr\/plans-et-tarifs-de-solidworks-avec-les-services-en-cloud\/\",\"url\":\"https:\/\/staging.solidxperts.com\/fr\/plans-et-tarifs-de-solidworks-avec-les-services-en-cloud\/\",\"name\":\"SOLIDWORKS avec les services cloud - Solidxperts\",\"isPartOf\":{\"@id\":\"https:\/\/staging.solidxperts.com\/fr\/#website\"},\"primaryImageOfPage\":{\"@id\":\"https:\/\/staging.solidxperts.com\/fr\/plans-et-tarifs-de-solidworks-avec-les-services-en-cloud\/#primaryimage\"},\"image\":{\"@id\":\"https:\/\/staging.solidxperts.com\/fr\/plans-et-tarifs-de-solidworks-avec-les-services-en-cloud\/#primaryimage\"},\"thumbnailUrl\":\"https:\/\/staging.solidxperts.com\/wp-content\/uploads\/2021\/10\/Solidworks-Draftsight-1920-1198.jpg\",\"datePublished\":\"2024-10-28T19:23:00+00:00\",\"dateModified\":\"2025-03-06T19:18:25+00:00\",\"description\":\"Associez SOLIDWORKS aux services cloud pour un design collaboratif et une gestion des donn\u00e9es sans limites.\",\"breadcrumb\":{\"@id\":\"https:\/\/staging.solidxperts.com\/fr\/plans-et-tarifs-de-solidworks-avec-les-services-en-cloud\/#breadcrumb\"},\"inLanguage\":\"fr\",\"potentialAction\":[{\"@type\":\"ReadAction\",\"target\":[\"https:\/\/staging.solidxperts.com\/fr\/plans-et-tarifs-de-solidworks-avec-les-services-en-cloud\/\"]}]},{\"@type\":\"ImageObject\",\"inLanguage\":\"fr\",\"@id\":\"https:\/\/staging.solidxperts.com\/fr\/plans-et-tarifs-de-solidworks-avec-les-services-en-cloud\/#primaryimage\",\"url\":\"https:\/\/staging.solidxperts.com\/wp-content\/uploads\/2021\/10\/Solidworks-Draftsight-1920-1198.jpg\",\"contentUrl\":\"https:\/\/staging.solidxperts.com\/wp-content\/uploads\/2021\/10\/Solidworks-Draftsight-1920-1198.jpg\",\"width\":1920,\"height\":1198,\"caption\":\"SOLIDWORKS DraftSight\"},{\"@type\":\"BreadcrumbList\",\"@id\":\"https:\/\/staging.solidxperts.com\/fr\/plans-et-tarifs-de-solidworks-avec-les-services-en-cloud\/#breadcrumb\",\"itemListElement\":[{\"@type\":\"ListItem\",\"position\":1,\"name\":\"Home\",\"item\":\"https:\/\/staging.solidxperts.com\/fr\/\"},{\"@type\":\"ListItem\",\"position\":2,\"name\":\"SOLIDWORKS avec les services cloud\"}]},{\"@type\":\"WebSite\",\"@id\":\"https:\/\/staging.solidxperts.com\/fr\/#website\",\"url\":\"https:\/\/staging.solidxperts.com\/fr\/\",\"name\":\"Solidxperts\",\"description\":\"SolidXperts | 3D Software &amp; Printing Solutions\",\"publisher\":{\"@id\":\"https:\/\/staging.solidxperts.com\/fr\/#organization\"},\"potentialAction\":[{\"@type\":\"SearchAction\",\"target\":{\"@type\":\"EntryPoint\",\"urlTemplate\":\"https:\/\/staging.solidxperts.com\/fr\/?s={search_term_string}\"},\"query-input\":{\"@type\":\"PropertyValueSpecification\",\"valueRequired\":true,\"valueName\":\"search_term_string\"}}],\"inLanguage\":\"fr\"},{\"@type\":\"Organization\",\"@id\":\"https:\/\/staging.solidxperts.com\/fr\/#organization\",\"name\":\"SolidXperts\",\"url\":\"https:\/\/staging.solidxperts.com\/fr\/\",\"logo\":{\"@type\":\"ImageObject\",\"inLanguage\":\"fr\",\"@id\":\"https:\/\/staging.solidxperts.com\/fr\/#\/schema\/logo\/image\/\",\"url\":\"\",\"contentUrl\":\"\",\"caption\":\"SolidXperts\"},\"image\":{\"@id\":\"https:\/\/staging.solidxperts.com\/fr\/#\/schema\/logo\/image\/\"},\"sameAs\":[\"https:\/\/www.facebook.com\/solidxperts\",\"https:\/\/x.com\/solidxperts\",\"https:\/\/www.linkedin.com\/company\/solidxperts\/\"]}]}<\/script>\n<!-- \/ Yoast SEO plugin. -->","yoast_head_json":{"title":"SOLIDWORKS avec les services cloud - Solidxperts","description":"Associez SOLIDWORKS aux services cloud pour un design collaboratif et une gestion des donn\u00e9es sans limites.","robots":{"index":"noindex","follow":"follow","max-snippet":"max-snippet:-1","max-image-preview":"max-image-preview:large","max-video-preview":"max-video-preview:-1"},"og_locale":"fr_FR","og_type":"article","og_title":"SOLIDWORKS avec les services cloud - Solidxperts","og_description":"Associez SOLIDWORKS aux services cloud pour un design collaboratif et une gestion des donn\u00e9es sans limites.","og_url":"https:\/\/staging.solidxperts.com\/fr\/plans-et-tarifs-de-solidworks-avec-les-services-en-cloud\/","og_site_name":"Solidxperts","article_publisher":"https:\/\/www.facebook.com\/solidxperts","article_modified_time":"2025-03-06T19:18:25+00:00","og_image":[{"width":1920,"height":1198,"url":"https:\/\/staging.solidxperts.com\/wp-content\/uploads\/2021\/10\/Solidworks-Draftsight-1920-1198.jpg","type":"image\/jpeg"}],"twitter_card":"summary_large_image","twitter_site":"@solidxperts","twitter_misc":{"Est. reading time":"2 minutes"},"schema":{"@context":"https:\/\/schema.org","@graph":[{"@type":"WebPage","@id":"https:\/\/staging.solidxperts.com\/fr\/plans-et-tarifs-de-solidworks-avec-les-services-en-cloud\/","url":"https:\/\/staging.solidxperts.com\/fr\/plans-et-tarifs-de-solidworks-avec-les-services-en-cloud\/","name":"SOLIDWORKS avec les services cloud - Solidxperts","isPartOf":{"@id":"https:\/\/staging.solidxperts.com\/fr\/#website"},"primaryImageOfPage":{"@id":"https:\/\/staging.solidxperts.com\/fr\/plans-et-tarifs-de-solidworks-avec-les-services-en-cloud\/#primaryimage"},"image":{"@id":"https:\/\/staging.solidxperts.com\/fr\/plans-et-tarifs-de-solidworks-avec-les-services-en-cloud\/#primaryimage"},"thumbnailUrl":"https:\/\/staging.solidxperts.com\/wp-content\/uploads\/2021\/10\/Solidworks-Draftsight-1920-1198.jpg","datePublished":"2024-10-28T19:23:00+00:00","dateModified":"2025-03-06T19:18:25+00:00","description":"Associez SOLIDWORKS aux services cloud pour un design collaboratif et une gestion des donn\u00e9es sans limites.","breadcrumb":{"@id":"https:\/\/staging.solidxperts.com\/fr\/plans-et-tarifs-de-solidworks-avec-les-services-en-cloud\/#breadcrumb"},"inLanguage":"fr","potentialAction":[{"@type":"ReadAction","target":["https:\/\/staging.solidxperts.com\/fr\/plans-et-tarifs-de-solidworks-avec-les-services-en-cloud\/"]}]},{"@type":"ImageObject","inLanguage":"fr","@id":"https:\/\/staging.solidxperts.com\/fr\/plans-et-tarifs-de-solidworks-avec-les-services-en-cloud\/#primaryimage","url":"https:\/\/staging.solidxperts.com\/wp-content\/uploads\/2021\/10\/Solidworks-Draftsight-1920-1198.jpg","contentUrl":"https:\/\/staging.solidxperts.com\/wp-content\/uploads\/2021\/10\/Solidworks-Draftsight-1920-1198.jpg","width":1920,"height":1198,"caption":"SOLIDWORKS DraftSight"},{"@type":"BreadcrumbList","@id":"https:\/\/staging.solidxperts.com\/fr\/plans-et-tarifs-de-solidworks-avec-les-services-en-cloud\/#breadcrumb","itemListElement":[{"@type":"ListItem","position":1,"name":"Home","item":"https:\/\/staging.solidxperts.com\/fr\/"},{"@type":"ListItem","position":2,"name":"SOLIDWORKS avec les services cloud"}]},{"@type":"WebSite","@id":"https:\/\/staging.solidxperts.com\/fr\/#website","url":"https:\/\/staging.solidxperts.com\/fr\/","name":"Solidxperts","description":"SolidXperts | 3D Software &amp; Printing Solutions","publisher":{"@id":"https:\/\/staging.solidxperts.com\/fr\/#organization"},"potentialAction":[{"@type":"SearchAction","target":{"@type":"EntryPoint","urlTemplate":"https:\/\/staging.solidxperts.com\/fr\/?s={search_term_string}"},"query-input":{"@type":"PropertyValueSpecification","valueRequired":true,"valueName":"search_term_string"}}],"inLanguage":"fr"},{"@type":"Organization","@id":"https:\/\/staging.solidxperts.com\/fr\/#organization","name":"SolidXperts","url":"https:\/\/staging.solidxperts.com\/fr\/","logo":{"@type":"ImageObject","inLanguage":"fr","@id":"https:\/\/staging.solidxperts.com\/fr\/#\/schema\/logo\/image\/","url":"","contentUrl":"","caption":"SolidXperts"},"image":{"@id":"https:\/\/staging.solidxperts.com\/fr\/#\/schema\/logo\/image\/"},"sameAs":["https:\/\/www.facebook.com\/solidxperts","https:\/\/x.com\/solidxperts","https:\/\/www.linkedin.com\/company\/solidxperts\/"]}]}},"_links":{"self":[{"href":"https:\/\/staging.solidxperts.com\/fr\/wp-json\/wp\/v2\/pages\/265505","targetHints":{"allow":["GET"]}}],"collection":[{"href":"https:\/\/staging.solidxperts.com\/fr\/wp-json\/wp\/v2\/pages"}],"about":[{"href":"https:\/\/staging.solidxperts.com\/fr\/wp-json\/wp\/v2\/types\/page"}],"author":[{"embeddable":true,"href":"https:\/\/staging.solidxperts.com\/fr\/wp-json\/wp\/v2\/users\/9"}],"replies":[{"embeddable":true,"href":"https:\/\/staging.solidxperts.com\/fr\/wp-json\/wp\/v2\/comments?post=265505"}],"version-history":[{"count":9,"href":"https:\/\/staging.solidxperts.com\/fr\/wp-json\/wp\/v2\/pages\/265505\/revisions"}],"predecessor-version":[{"id":267668,"href":"https:\/\/staging.solidxperts.com\/fr\/wp-json\/wp\/v2\/pages\/265505\/revisions\/267668"}],"wp:featuredmedia":[{"embeddable":true,"href":"https:\/\/staging.solidxperts.com\/fr\/wp-json\/wp\/v2\/media\/4763"}],"wp:attachment":[{"href":"https:\/\/staging.solidxperts.com\/fr\/wp-json\/wp\/v2\/media?parent=265505"}],"curies":[{"name":"wp","href":"https:\/\/api.w.org\/{rel}","templated":true}]}}