{"id":265522,"date":"2024-10-28T15:44:52","date_gmt":"2024-10-28T19:44:52","guid":{"rendered":"https:\/\/staging.solidxperts.com\/3dexperience-solidworks-plans-and-pricing\/"},"modified":"2025-02-12T13:37:44","modified_gmt":"2025-02-12T18:37:44","slug":"3dexperience-solidworks-plans-and-pricing","status":"publish","type":"page","link":"https:\/\/staging.solidxperts.com\/fr\/3dexperience-solidworks-plans-and-pricing\/","title":{"rendered":"3DEXPERIENCE SOLIDWORKS"},"content":{"rendered":"<p>[vc_row full_width=&#8221;stretch_row_content_no_spaces&#8221; el_class=&#8221;pd-1 product-detail-header buy_sw&#8221;][vc_column][vc_row_inner el_class=&#8221;inner container container-center&#8221;][vc_column_inner][vc_column_text el_class=&#8221;title&#8221;]<\/p>\n<h1 style=\"text-align: center;\">3DEXPERIENCE SOLIDWORKS<\/h1>\n<p>[\/vc_column_text][\/vc_column_inner][\/vc_row_inner][\/vc_column][\/vc_row][vc_row el_class=&#8221;pd-6&#8243;][vc_column][vc_tta_tabs][vc_tta_section title=&#8221;QUARTERLY&#8221; tab_id=&#8221;quarterly&#8221;][vc_row_inner el_class=&#8221;block container container-center&#8221;][vc_column_inner el_class=&#8221;list&#8221; width=&#8221;1\/3&#8243;][vc_column_text el_class=&#8221;top&#8221;]<\/p>\n<h6>GARANTIE DE REMBOURSEMENT DE 15 JOURS<\/h6>\n<h3 class=\"elementor-price-table__heading\">3DEXPERIENCE SOLIDWORKS Standard<\/h3>\n<p>[\/vc_column_text][vc_column_text el_class=&#8221;bottom&#8221;]<h2 style=\"text-align: center;color:#fff;\">USD 846*<\/h2><\/p>\n<p>&nbsp;<\/p>\n<ul>\n<li>Outils complets pour les pi\u00e8ces, les assemblages et les dessins conformes aux normes industrielles<\/li>\n<li>Fonctions de collaboration en temps r\u00e9el pour le partage et l\u2019annotation des conceptions<\/li>\n<li>Stockage s\u00e9curis\u00e9 sur le cloud avec gestion des fichiers et des r\u00e9visions<\/li>\n<li>Documentation de fabrication pr\u00eate pour la production<\/li>\n<li>Acc\u00e8s au support technique<\/li>\n<\/ul>\n<p>&nbsp;<\/p>\n<p>*Prix en CAD, hors taxes locales. Le prix s\u2019applique \u00e0 un abonnement pour un seul utilisateur.[\/vc_column_text][vc_column_text]<a class=\"link link-download list\" href=\"https:\/\/can01.safelinks.protection.outlook.com\/?url=https%3A%2F%2Fmy.3dexperience.3ds.com%2Fcnb%2Foffers%2FOS4PXWAO%3FlicencingScheme%3DQSC%26partnerId%3D200000000068123%26utm_campaign%3DNo_campaign%26utm_medium%3DCBE_AFPARTNER200000000068123_Organic%26utm_source%3DCBE_AFPARTNER200000000068123_Organic%26utm_term%3DNo_term&amp;data=05%7C02%7Cbnick%40solidxperience.com%7Cbf1324663cd941c6902608dcf4f5ea1d%7C19edffeb045b4308bf7d0ee077fe2171%7C0%7C0%7C638654584242208567%7CUnknown%7CTWFpbGZsb3d8eyJWIjoiMC4wLjAwMDAiLCJQIjoiV2luMzIiLCJBTiI6Ik1haWwiLCJXVCI6Mn0%3D%7C0%7C%7C%7C&amp;sdata=HZ9QfeU2QeHkebiLNNNp8vgFgZbQWhVqFBZflfWKeV4%3D&amp;reserved=0\" target=\"_blank\" rel=\"noopener nofollow\">Acheter maintenant<\/a>[\/vc_column_text][\/vc_column_inner][vc_column_inner el_class=&#8221;list&#8221; width=&#8221;1\/3&#8243;][vc_column_text el_class=&#8221;top&#8221;]<\/p>\n<h6>GARANTIE DE REMBOURSEMENT DE 15 JOURS<\/h6>\n<h3>3DEXPERIENCE SOLIDWORKS Professional<\/h3>\n<p>[\/vc_column_text][vc_column_text el_class=&#8221;bottom&#8221;]<h2 style=\"text-align: center;color:#fff;\">USD 1,038*<\/h2><\/p>\n<p>&nbsp;<\/p>\n<ul>\n<li>Toutes les fonctionnalit\u00e9s incluses dans l\u2019offre Standard, plus :<\/li>\n<li>Acc\u00e8s \u00e0 une biblioth\u00e8que CAO intelligente<\/li>\n<li>Rendu photor\u00e9aliste et suite d\u2019animation compl\u00e8te<\/li>\n<li>Outils de mod\u00e9lisation de formes libres et de subdivisions<\/li>\n<li>Estimation des co\u00fbts int\u00e9gr\u00e9e<\/li>\n<li>V\u00e9rifications de la conformit\u00e9 CAO<\/li>\n<li>Support technique d\u00e9di\u00e9<\/li>\n<\/ul>\n<p>&nbsp;<\/p>\n<p>*Prix en CAD, hors taxes locales. Le prix s\u2019applique \u00e0 un abonnement pour un seul utilisateur.[\/vc_column_text][vc_column_text]<a class=\"link link-download list\" href=\"https:\/\/can01.safelinks.protection.outlook.com\/?url=https%3A%2F%2Fmy.3dexperience.3ds.com%2Fcnb%2Foffers%2FOS4PXWBO%3FlicencingScheme%3DQSC%26partnerId%3D200000000068123%26utm_campaign%3DNo_campaign%26utm_medium%3DCBE_AFPARTNER200000000068123_Organic%26utm_source%3DCBE_AFPARTNER200000000068123_Organic%26utm_term%3DNo_term&amp;data=05%7C02%7Cbnick%40solidxperience.com%7Cbf1324663cd941c6902608dcf4f5ea1d%7C19edffeb045b4308bf7d0ee077fe2171%7C0%7C0%7C638654584242271492%7CUnknown%7CTWFpbGZsb3d8eyJWIjoiMC4wLjAwMDAiLCJQIjoiV2luMzIiLCJBTiI6Ik1haWwiLCJXVCI6Mn0%3D%7C0%7C%7C%7C&amp;sdata=WGZqJVUCEYnOonMkLZMPwvZIjIC96bXW2e0z5DSxc1Y%3D&amp;reserved=0\" target=\"_blank\" rel=\"noopener nofollow\">Acheter maintenant<\/a>[\/vc_column_text][\/vc_column_inner][vc_column_inner el_class=&#8221;list&#8221; width=&#8221;1\/3&#8243;][vc_column_text el_class=&#8221;top&#8221;]<\/p>\n<h6>GARANTIE DE REMBOURSEMENT DE 15 JOURS<\/h6>\n<h3 class=\"elementor-price-table__heading\">3DEXPERIENCE SOLIDWORKS Premium<\/h3>\n<p>[\/vc_column_text][vc_column_text el_class=&#8221;bottom&#8221;]<h2 style=\"text-align: center;color:#fff;\">USD 1,416*<\/h2><\/p>\n<p>&nbsp;<\/p>\n<ul>\n<li>Comprend toutes les caract\u00e9ristiques de l\u2019ensemble professionnel, plus.. :<\/li>\n<li>Acheminement des c\u00e2bles \u00e9lectriques et des faisceaux de c\u00e2bles<\/li>\n<li>Possibilit\u00e9s d\u2019acheminement de tuyaux et de tubes<\/li>\n<li>Analyse statique lin\u00e9aire pour les pi\u00e8ces et les assemblages<\/li>\n<li>Simulation de mouvement bas\u00e9e sur le temps<\/li>\n<li>Outils avanc\u00e9s d\u2019aplanissement des surfaces<\/li>\n<li>Support technique d\u00e9di\u00e9<\/li>\n<\/ul>\n<p>&nbsp;<\/p>\n<p>*Prix en CAD, hors taxes locales. Le prix s\u2019applique \u00e0 un abonnement pour un seul utilisateur.[\/vc_column_text][vc_column_text]<a class=\"link link-download list\" href=\"https:\/\/can01.safelinks.protection.outlook.com\/?url=https%3A%2F%2Fmy.3dexperience.3ds.com%2Fcnb%2Foffers%2FOS4PXWCO%3FlicencingScheme%3DQSC%26partnerId%3D200000000068123%26utm_campaign%3DNo_campaign%26utm_medium%3DCBE_AFPARTNER200000000068123_Organic%26utm_source%3DCBE_AFPARTNER200000000068123_Organic%26utm_term%3DNo_term&amp;data=05%7C02%7Cbnick%40solidxperience.com%7Cbf1324663cd941c6902608dcf4f5ea1d%7C19edffeb045b4308bf7d0ee077fe2171%7C0%7C0%7C638654584242330651%7CUnknown%7CTWFpbGZsb3d8eyJWIjoiMC4wLjAwMDAiLCJQIjoiV2luMzIiLCJBTiI6Ik1haWwiLCJXVCI6Mn0%3D%7C0%7C%7C%7C&amp;sdata=W%2BNnq9GozCO%2F6in9DXONns%2BEsCv8rW4Wm1dq0c8qQ0E%3D&amp;reserved=0\" target=\"_blank\" rel=\"noopener nofollow\">Acheter maintenant<\/a>[\/vc_column_text][\/vc_column_inner][\/vc_row_inner][\/vc_tta_section][vc_tta_section title=&#8221;ANNUAL&#8221; tab_id=&#8221;yearly&#8221;][vc_row_inner el_class=&#8221;block container container-center&#8221;][vc_column_inner el_class=&#8221;list&#8221; width=&#8221;1\/3&#8243;][vc_column_text el_class=&#8221;top&#8221;]<\/p>\n<h6>GARANTIE DE REMBOURSEMENT DE 15 JOURS<\/h6>\n<h3 class=\"elementor-price-table__heading\">3DEXPERIENCE SOLIDWORKS Standard<\/h3>\n<p>[\/vc_column_text][vc_column_text el_class=&#8221;bottom&#8221;]<h2 style=\"text-align: center;color:#fff;\">USD 2,820*<\/h2><\/p>\n<p>&nbsp;<\/p>\n<ul>\n<li>Outils complets pour les pi\u00e8ces, les assemblages et les dessins conformes aux normes industrielles<\/li>\n<li>Fonctions de collaboration en temps r\u00e9el pour le partage et l\u2019annotation des conceptions<\/li>\n<li>Stockage s\u00e9curis\u00e9 sur le cloud avec gestion des fichiers et des r\u00e9visions<\/li>\n<li>Documentation de fabrication pr\u00eate pour la production<\/li>\n<li>Acc\u00e8s au support technique<\/li>\n<\/ul>\n<p>*Prix en CAD, hors taxes locales. Le prix s\u2019applique \u00e0 un abonnement pour un seul utilisateur.[\/vc_column_text][vc_column_text]<a class=\"link link-download list\" href=\"https:\/\/can01.safelinks.protection.outlook.com\/?url=https%3A%2F%2Fmy.3dexperience.3ds.com%2Fcnb%2Foffers%2FOS4PXWAO%3FlicencingScheme%3DYSC%26partnerId%3D200000000068123%26utm_campaign%3DNo_campaign%26utm_medium%3DCBE_AFPARTNER200000000068123_Organic%26utm_source%3DCBE_AFPARTNER200000000068123_Organic%26utm_term%3DNo_term&amp;data=05%7C02%7Cbnick%40solidxperience.com%7Cbf1324663cd941c6902608dcf4f5ea1d%7C19edffeb045b4308bf7d0ee077fe2171%7C0%7C0%7C638654584242239817%7CUnknown%7CTWFpbGZsb3d8eyJWIjoiMC4wLjAwMDAiLCJQIjoiV2luMzIiLCJBTiI6Ik1haWwiLCJXVCI6Mn0%3D%7C0%7C%7C%7C&amp;sdata=SZtyB5jjCK%2FSJjtxz%2F7MPAUhbB9A%2FjbaMlmZtyNoHQA%3D&amp;reserved=0\" target=\"_blank\" rel=\"noopener nofollow\">Acheter maintenant<\/a>[\/vc_column_text][\/vc_column_inner][vc_column_inner el_class=&#8221;list&#8221; width=&#8221;1\/3&#8243;][vc_column_text el_class=&#8221;top&#8221;]<\/p>\n<h6>GARANTIE DE REMBOURSEMENT DE 15 JOURS<\/h6>\n<h3>3DEXPERIENCE SOLIDWORKS Professional<\/h3>\n<p>[\/vc_column_text][vc_column_text el_class=&#8221;bottom&#8221;]<h2 style=\"text-align: center;color:#fff;\">USD 3,456*<\/h2><\/p>\n<p>&nbsp;<\/p>\n<ul>\n<li>Toutes les fonctionnalit\u00e9s incluses dans l\u2019offre Standard, plus :<\/li>\n<li>Acc\u00e8s \u00e0 une biblioth\u00e8que CAO intelligente<\/li>\n<li>Rendu photor\u00e9aliste et suite d\u2019animation compl\u00e8te<\/li>\n<li>Outils de mod\u00e9lisation de formes libres et de subdivisions<\/li>\n<li>Estimation des co\u00fbts int\u00e9gr\u00e9e<\/li>\n<li>V\u00e9rifications de la conformit\u00e9 CAO<\/li>\n<li>Support technique d\u00e9di\u00e9<\/li>\n<\/ul>\n<p>*Prix en CAD, hors taxes locales. Le prix s\u2019applique \u00e0 un abonnement pour un seul utilisateur.[\/vc_column_text][vc_column_text]<a class=\"link link-download list\" href=\"https:\/\/can01.safelinks.protection.outlook.com\/?url=https%3A%2F%2Fmy.3dexperience.3ds.com%2Fcnb%2Foffers%2FOS4PXWBO%3FlicencingScheme%3DYSC%26partnerId%3D200000000068123%26utm_campaign%3DNo_campaign%26utm_medium%3DCBE_AFPARTNER200000000068123_Organic%26utm_source%3DCBE_AFPARTNER200000000068123_Organic%26utm_term%3DNo_term&amp;data=05%7C02%7Cbnick%40solidxperience.com%7Cbf1324663cd941c6902608dcf4f5ea1d%7C19edffeb045b4308bf7d0ee077fe2171%7C0%7C0%7C638654584242301363%7CUnknown%7CTWFpbGZsb3d8eyJWIjoiMC4wLjAwMDAiLCJQIjoiV2luMzIiLCJBTiI6Ik1haWwiLCJXVCI6Mn0%3D%7C0%7C%7C%7C&amp;sdata=AM6qUn7PUNeRDcfO6aZnoeL7ghnXvAShGY3I56EU%2Bys%3D&amp;reserved=0\" target=\"_blank\" rel=\"noopener nofollow\">Acheter maintenant<\/a>[\/vc_column_text][\/vc_column_inner][vc_column_inner el_class=&#8221;list&#8221; width=&#8221;1\/3&#8243;][vc_column_text el_class=&#8221;top&#8221;]<\/p>\n<h6>GARANTIE DE REMBOURSEMENT DE 15 JOURS<\/h6>\n<h3 class=\"elementor-price-table__heading\">3DEXPERIENCE SOLIDWORKS Premium<\/h3>\n<p>[\/vc_column_text][vc_column_text el_class=&#8221;bottom&#8221;]<h2 style=\"text-align: center;color:#fff;\">USD 4,716*<\/h2><\/p>\n<p>&nbsp;<\/p>\n<ul>\n<li>Comprend toutes les caract\u00e9ristiques de l\u2019ensemble professionnel, plus.. :<\/li>\n<li>Acheminement des c\u00e2bles \u00e9lectriques et des faisceaux de c\u00e2bles<\/li>\n<li>Possibilit\u00e9s d\u2019acheminement de tuyaux et de tubes<\/li>\n<li>Analyse statique lin\u00e9aire pour les pi\u00e8ces et les assemblages<\/li>\n<li>Simulation de mouvement bas\u00e9e sur le temps<\/li>\n<li>Outils avanc\u00e9s d\u2019aplanissement des surfaces<\/li>\n<li>Support technique d\u00e9di\u00e9<\/li>\n<\/ul>\n<p>*Prix en CAD, hors taxes locales. Le prix s\u2019applique \u00e0 un abonnement pour un seul utilisateur.[\/vc_column_text][vc_column_text]<a class=\"link link-download list\" href=\"https:\/\/can01.safelinks.protection.outlook.com\/?url=https%3A%2F%2Fmy.3dexperience.3ds.com%2Fcnb%2Foffers%2FOS4PXWCO%3FlicencingScheme%3DYSC%26partnerId%3D200000000068123%26utm_campaign%3DNo_campaign%26utm_medium%3DCBE_AFPARTNER200000000068123_Organic%26utm_source%3DCBE_AFPARTNER200000000068123_Organic%26utm_term%3DNo_term&amp;data=05%7C02%7Cbnick%40solidxperience.com%7Cbf1324663cd941c6902608dcf4f5ea1d%7C19edffeb045b4308bf7d0ee077fe2171%7C0%7C0%7C638654584242360237%7CUnknown%7CTWFpbGZsb3d8eyJWIjoiMC4wLjAwMDAiLCJQIjoiV2luMzIiLCJBTiI6Ik1haWwiLCJXVCI6Mn0%3D%7C0%7C%7C%7C&amp;sdata=sPZwlCNyrIy3pckTOwcETxNFJ8smG7IHTaeoTVwgTXo%3D&amp;reserved=0\" target=\"_blank\" rel=\"noopener nofollow\">Acheter maintenant<\/a>[\/vc_column_text][\/vc_column_inner][\/vc_row_inner][\/vc_tta_section][\/vc_tta_tabs][\/vc_column][\/vc_row]<\/p>\n","protected":false},"excerpt":{"rendered":"<p>[vc_row full_width=&#8221;stretch_row_content_no_spaces&#8221; el_class=&#8221;pd-1 product-detail-header buy_sw&#8221;][vc_column][vc_row_inner el_class=&#8221;inner container container-center&#8221;][vc_column_inner][vc_column_text el_class=&#8221;title&#8221;] 3DEXPERIENCE SOLIDWORKS [\/vc_column_text][\/vc_column_inner][\/vc_row_inner][\/vc_column][\/vc_row][vc_row el_class=&#8221;pd-6&#8243;][vc_column][vc_tta_tabs][vc_tta_section title=&#8221;QUARTERLY&#8221; tab_id=&#8221;quarterly&#8221;][vc_row_inner el_class=&#8221;block container container-center&#8221;][vc_column_inner el_class=&#8221;list&#8221; width=&#8221;1\/3&#8243;][vc_column_text el_class=&#8221;top&#8221;] GARANTIE DE REMBOURSEMENT DE 15 JOURS 3DEXPERIENCE SOLIDWORKS Standard [\/vc_column_text][vc_column_text el_class=&#8221;bottom&#8221;] &nbsp; Outils complets pour les pi\u00e8ces, les assemblages et les dessins conformes aux normes industrielles Fonctions de collaboration en temps r\u00e9el pour le [&hellip;]<\/p>\n","protected":false},"author":9,"featured_media":4764,"parent":0,"menu_order":0,"comment_status":"closed","ping_status":"closed","template":"template-parts\/temp-product-detail-page.php","meta":{"footnotes":""},"class_list":["post-265522","page","type-page","status-publish","has-post-thumbnail","hentry"],"yoast_head":"<!-- This site is optimized with the Yoast SEO plugin v26.8 - https:\/\/yoast.com\/product\/yoast-seo-wordpress\/ -->\n<title>3DEXPERIENCE SOLIDWORKS - Solidxperts Qu\u00e9bec<\/title>\n<meta name=\"description\" content=\"D\u00e9couvrez 3DEXPERIENCE SOLIDWORKS\u202f: conception 3D puissante avec collaboration et gestion des donn\u00e9es cloud.\" \/>\n<meta name=\"robots\" content=\"noindex, follow, max-snippet:-1, max-image-preview:large, max-video-preview:-1\" \/>\n<meta property=\"og:locale\" content=\"fr_FR\" \/>\n<meta property=\"og:type\" content=\"article\" \/>\n<meta property=\"og:title\" content=\"3DEXPERIENCE SOLIDWORKS - Solidxperts Qu\u00e9bec\" \/>\n<meta property=\"og:description\" content=\"D\u00e9couvrez 3DEXPERIENCE SOLIDWORKS\u202f: conception 3D puissante avec collaboration et gestion des donn\u00e9es cloud.\" \/>\n<meta property=\"og:url\" content=\"https:\/\/staging.solidxperts.com\/fr\/3dexperience-solidworks-plans-and-pricing\/\" \/>\n<meta property=\"og:site_name\" content=\"Solidxperts\" \/>\n<meta property=\"article:publisher\" content=\"https:\/\/www.facebook.com\/solidxperts\" \/>\n<meta property=\"article:modified_time\" content=\"2025-02-12T18:37:44+00:00\" \/>\n<meta property=\"og:image\" content=\"https:\/\/staging.solidxperts.com\/wp-content\/uploads\/2021\/10\/Solidworks-Draftsight-1920-1198.jpg\" \/>\n\t<meta property=\"og:image:width\" content=\"1920\" \/>\n\t<meta property=\"og:image:height\" content=\"1198\" \/>\n\t<meta property=\"og:image:type\" content=\"image\/jpeg\" \/>\n<meta name=\"twitter:card\" content=\"summary_large_image\" \/>\n<meta name=\"twitter:site\" content=\"@solidxperts\" \/>\n<meta name=\"twitter:label1\" content=\"Est. reading time\" \/>\n\t<meta name=\"twitter:data1\" content=\"3 minutes\" \/>\n<script type=\"application\/ld+json\" class=\"yoast-schema-graph\">{\"@context\":\"https:\/\/schema.org\",\"@graph\":[{\"@type\":\"WebPage\",\"@id\":\"https:\/\/staging.solidxperts.com\/fr\/3dexperience-solidworks-plans-and-pricing\/\",\"url\":\"https:\/\/staging.solidxperts.com\/fr\/3dexperience-solidworks-plans-and-pricing\/\",\"name\":\"3DEXPERIENCE SOLIDWORKS - Solidxperts Qu\u00e9bec\",\"isPartOf\":{\"@id\":\"https:\/\/staging.solidxperts.com\/fr\/#website\"},\"primaryImageOfPage\":{\"@id\":\"https:\/\/staging.solidxperts.com\/fr\/3dexperience-solidworks-plans-and-pricing\/#primaryimage\"},\"image\":{\"@id\":\"https:\/\/staging.solidxperts.com\/fr\/3dexperience-solidworks-plans-and-pricing\/#primaryimage\"},\"thumbnailUrl\":\"https:\/\/staging.solidxperts.com\/wp-content\/uploads\/2021\/10\/Solidworks-Draftsight-1920-1198.jpg\",\"datePublished\":\"2024-10-28T19:44:52+00:00\",\"dateModified\":\"2025-02-12T18:37:44+00:00\",\"description\":\"D\u00e9couvrez 3DEXPERIENCE SOLIDWORKS\u202f: conception 3D puissante avec collaboration et gestion des donn\u00e9es cloud.\",\"breadcrumb\":{\"@id\":\"https:\/\/staging.solidxperts.com\/fr\/3dexperience-solidworks-plans-and-pricing\/#breadcrumb\"},\"inLanguage\":\"fr\",\"potentialAction\":[{\"@type\":\"ReadAction\",\"target\":[\"https:\/\/staging.solidxperts.com\/fr\/3dexperience-solidworks-plans-and-pricing\/\"]}]},{\"@type\":\"ImageObject\",\"inLanguage\":\"fr\",\"@id\":\"https:\/\/staging.solidxperts.com\/fr\/3dexperience-solidworks-plans-and-pricing\/#primaryimage\",\"url\":\"https:\/\/staging.solidxperts.com\/wp-content\/uploads\/2021\/10\/Solidworks-Draftsight-1920-1198.jpg\",\"contentUrl\":\"https:\/\/staging.solidxperts.com\/wp-content\/uploads\/2021\/10\/Solidworks-Draftsight-1920-1198.jpg\",\"width\":1920,\"height\":1198,\"caption\":\"SOLIDWORKS DraftSight\"},{\"@type\":\"BreadcrumbList\",\"@id\":\"https:\/\/staging.solidxperts.com\/fr\/3dexperience-solidworks-plans-and-pricing\/#breadcrumb\",\"itemListElement\":[{\"@type\":\"ListItem\",\"position\":1,\"name\":\"Home\",\"item\":\"https:\/\/staging.solidxperts.com\/fr\/\"},{\"@type\":\"ListItem\",\"position\":2,\"name\":\"3DEXPERIENCE SOLIDWORKS\"}]},{\"@type\":\"WebSite\",\"@id\":\"https:\/\/staging.solidxperts.com\/fr\/#website\",\"url\":\"https:\/\/staging.solidxperts.com\/fr\/\",\"name\":\"Solidxperts\",\"description\":\"SolidXperts | 3D Software &amp; Printing Solutions\",\"publisher\":{\"@id\":\"https:\/\/staging.solidxperts.com\/fr\/#organization\"},\"potentialAction\":[{\"@type\":\"SearchAction\",\"target\":{\"@type\":\"EntryPoint\",\"urlTemplate\":\"https:\/\/staging.solidxperts.com\/fr\/?s={search_term_string}\"},\"query-input\":{\"@type\":\"PropertyValueSpecification\",\"valueRequired\":true,\"valueName\":\"search_term_string\"}}],\"inLanguage\":\"fr\"},{\"@type\":\"Organization\",\"@id\":\"https:\/\/staging.solidxperts.com\/fr\/#organization\",\"name\":\"SolidXperts\",\"url\":\"https:\/\/staging.solidxperts.com\/fr\/\",\"logo\":{\"@type\":\"ImageObject\",\"inLanguage\":\"fr\",\"@id\":\"https:\/\/staging.solidxperts.com\/fr\/#\/schema\/logo\/image\/\",\"url\":\"\",\"contentUrl\":\"\",\"caption\":\"SolidXperts\"},\"image\":{\"@id\":\"https:\/\/staging.solidxperts.com\/fr\/#\/schema\/logo\/image\/\"},\"sameAs\":[\"https:\/\/www.facebook.com\/solidxperts\",\"https:\/\/x.com\/solidxperts\",\"https:\/\/www.linkedin.com\/company\/solidxperts\/\"]}]}<\/script>\n<!-- \/ Yoast SEO plugin. -->","yoast_head_json":{"title":"3DEXPERIENCE SOLIDWORKS - Solidxperts Qu\u00e9bec","description":"D\u00e9couvrez 3DEXPERIENCE SOLIDWORKS\u202f: conception 3D puissante avec collaboration et gestion des donn\u00e9es cloud.","robots":{"index":"noindex","follow":"follow","max-snippet":"max-snippet:-1","max-image-preview":"max-image-preview:large","max-video-preview":"max-video-preview:-1"},"og_locale":"fr_FR","og_type":"article","og_title":"3DEXPERIENCE SOLIDWORKS - Solidxperts Qu\u00e9bec","og_description":"D\u00e9couvrez 3DEXPERIENCE SOLIDWORKS\u202f: conception 3D puissante avec collaboration et gestion des donn\u00e9es cloud.","og_url":"https:\/\/staging.solidxperts.com\/fr\/3dexperience-solidworks-plans-and-pricing\/","og_site_name":"Solidxperts","article_publisher":"https:\/\/www.facebook.com\/solidxperts","article_modified_time":"2025-02-12T18:37:44+00:00","og_image":[{"width":1920,"height":1198,"url":"https:\/\/staging.solidxperts.com\/wp-content\/uploads\/2021\/10\/Solidworks-Draftsight-1920-1198.jpg","type":"image\/jpeg"}],"twitter_card":"summary_large_image","twitter_site":"@solidxperts","twitter_misc":{"Est. reading time":"3 minutes"},"schema":{"@context":"https:\/\/schema.org","@graph":[{"@type":"WebPage","@id":"https:\/\/staging.solidxperts.com\/fr\/3dexperience-solidworks-plans-and-pricing\/","url":"https:\/\/staging.solidxperts.com\/fr\/3dexperience-solidworks-plans-and-pricing\/","name":"3DEXPERIENCE SOLIDWORKS - Solidxperts Qu\u00e9bec","isPartOf":{"@id":"https:\/\/staging.solidxperts.com\/fr\/#website"},"primaryImageOfPage":{"@id":"https:\/\/staging.solidxperts.com\/fr\/3dexperience-solidworks-plans-and-pricing\/#primaryimage"},"image":{"@id":"https:\/\/staging.solidxperts.com\/fr\/3dexperience-solidworks-plans-and-pricing\/#primaryimage"},"thumbnailUrl":"https:\/\/staging.solidxperts.com\/wp-content\/uploads\/2021\/10\/Solidworks-Draftsight-1920-1198.jpg","datePublished":"2024-10-28T19:44:52+00:00","dateModified":"2025-02-12T18:37:44+00:00","description":"D\u00e9couvrez 3DEXPERIENCE SOLIDWORKS\u202f: conception 3D puissante avec collaboration et gestion des donn\u00e9es cloud.","breadcrumb":{"@id":"https:\/\/staging.solidxperts.com\/fr\/3dexperience-solidworks-plans-and-pricing\/#breadcrumb"},"inLanguage":"fr","potentialAction":[{"@type":"ReadAction","target":["https:\/\/staging.solidxperts.com\/fr\/3dexperience-solidworks-plans-and-pricing\/"]}]},{"@type":"ImageObject","inLanguage":"fr","@id":"https:\/\/staging.solidxperts.com\/fr\/3dexperience-solidworks-plans-and-pricing\/#primaryimage","url":"https:\/\/staging.solidxperts.com\/wp-content\/uploads\/2021\/10\/Solidworks-Draftsight-1920-1198.jpg","contentUrl":"https:\/\/staging.solidxperts.com\/wp-content\/uploads\/2021\/10\/Solidworks-Draftsight-1920-1198.jpg","width":1920,"height":1198,"caption":"SOLIDWORKS DraftSight"},{"@type":"BreadcrumbList","@id":"https:\/\/staging.solidxperts.com\/fr\/3dexperience-solidworks-plans-and-pricing\/#breadcrumb","itemListElement":[{"@type":"ListItem","position":1,"name":"Home","item":"https:\/\/staging.solidxperts.com\/fr\/"},{"@type":"ListItem","position":2,"name":"3DEXPERIENCE SOLIDWORKS"}]},{"@type":"WebSite","@id":"https:\/\/staging.solidxperts.com\/fr\/#website","url":"https:\/\/staging.solidxperts.com\/fr\/","name":"Solidxperts","description":"SolidXperts | 3D Software &amp; Printing Solutions","publisher":{"@id":"https:\/\/staging.solidxperts.com\/fr\/#organization"},"potentialAction":[{"@type":"SearchAction","target":{"@type":"EntryPoint","urlTemplate":"https:\/\/staging.solidxperts.com\/fr\/?s={search_term_string}"},"query-input":{"@type":"PropertyValueSpecification","valueRequired":true,"valueName":"search_term_string"}}],"inLanguage":"fr"},{"@type":"Organization","@id":"https:\/\/staging.solidxperts.com\/fr\/#organization","name":"SolidXperts","url":"https:\/\/staging.solidxperts.com\/fr\/","logo":{"@type":"ImageObject","inLanguage":"fr","@id":"https:\/\/staging.solidxperts.com\/fr\/#\/schema\/logo\/image\/","url":"","contentUrl":"","caption":"SolidXperts"},"image":{"@id":"https:\/\/staging.solidxperts.com\/fr\/#\/schema\/logo\/image\/"},"sameAs":["https:\/\/www.facebook.com\/solidxperts","https:\/\/x.com\/solidxperts","https:\/\/www.linkedin.com\/company\/solidxperts\/"]}]}},"_links":{"self":[{"href":"https:\/\/staging.solidxperts.com\/fr\/wp-json\/wp\/v2\/pages\/265522","targetHints":{"allow":["GET"]}}],"collection":[{"href":"https:\/\/staging.solidxperts.com\/fr\/wp-json\/wp\/v2\/pages"}],"about":[{"href":"https:\/\/staging.solidxperts.com\/fr\/wp-json\/wp\/v2\/types\/page"}],"author":[{"embeddable":true,"href":"https:\/\/staging.solidxperts.com\/fr\/wp-json\/wp\/v2\/users\/9"}],"replies":[{"embeddable":true,"href":"https:\/\/staging.solidxperts.com\/fr\/wp-json\/wp\/v2\/comments?post=265522"}],"version-history":[{"count":11,"href":"https:\/\/staging.solidxperts.com\/fr\/wp-json\/wp\/v2\/pages\/265522\/revisions"}],"predecessor-version":[{"id":266527,"href":"https:\/\/staging.solidxperts.com\/fr\/wp-json\/wp\/v2\/pages\/265522\/revisions\/266527"}],"wp:featuredmedia":[{"embeddable":true,"href":"https:\/\/staging.solidxperts.com\/fr\/wp-json\/wp\/v2\/media\/4764"}],"wp:attachment":[{"href":"https:\/\/staging.solidxperts.com\/fr\/wp-json\/wp\/v2\/media?parent=265522"}],"curies":[{"name":"wp","href":"https:\/\/api.w.org\/{rel}","templated":true}]}}