{"id":265549,"date":"2024-10-15T15:16:14","date_gmt":"2024-10-15T19:16:14","guid":{"rendered":"https:\/\/staging.solidxperts.com\/contact-us\/"},"modified":"2025-04-04T10:49:38","modified_gmt":"2025-04-04T14:49:38","slug":"contactez-nous","status":"publish","type":"page","link":"https:\/\/staging.solidxperts.com\/fr\/contactez-nous\/","title":{"rendered":"Contactez Nous"},"content":{"rendered":"<p>[vc_section el_id=&#8221;request&#8221; el_class=&#8221;section-contact&#8221;][vc_row full_width=&#8221;stretch_row_content_no_spaces&#8221; content_placement=&#8221;middle&#8221; el_class=&#8221;pd-form&#8221;][vc_column el_class=&#8221;hideme contact-us-block&#8221;][vc_column_text el_class=&#8221;title-contact-us&#8221; el_id=&#8221;form_title_hide&#8221;]<\/p>\n<h1>Contacter<\/h1>\n<p>[\/vc_column_text][vc_column_text el_class=&#8221;title&#8221; el_id=&#8221;message_show&#8221;]<\/p>\n<h3 style=\"text-align: center;\">Votre demande a \u00e9t\u00e9 envoy\u00e9e !<\/h3>\n<p>[\/vc_column_text][vc_column_text el_class=&#8221;contact-logo&#8221; el_id=&#8221;form_logo_hide&#8221;]<img decoding=\"async\" class=\"wp-image-265151 alignleft\" src=\"https:\/\/staging.solidxperts.com\/wp-content\/uploads\/2024\/10\/X_green_halo.svg\" alt=\"X_green_halo\" width=\"50\" height=\"50\" \/>[\/vc_column_text][vc_row_inner el_class=&#8221;form-block&#8221;][vc_column_inner el_class=&#8221;form-block-inner&#8221;]\n<div class=\"wpcf7 no-js\" id=\"wpcf7-f3444-o1\" lang=\"en-US\" dir=\"ltr\" data-wpcf7-id=\"3444\">\n<div class=\"screen-reader-response\"><p role=\"status\" aria-live=\"polite\" aria-atomic=\"true\"><\/p> <ul><\/ul><\/div>\n<form action=\"\/fr\/wp-json\/wp\/v2\/pages\/265549\/#wpcf7-f3444-o1\" method=\"post\" class=\"wpcf7-form init\" aria-label=\"Contact form\" novalidate=\"novalidate\" data-status=\"init\">\n<div style=\"display: none;\">\n<input type=\"hidden\" name=\"_wpcf7\" value=\"3444\" \/>\n<input type=\"hidden\" name=\"_wpcf7_version\" value=\"6.0.6\" \/>\n<input type=\"hidden\" name=\"_wpcf7_locale\" value=\"en_US\" \/>\n<input type=\"hidden\" name=\"_wpcf7_unit_tag\" value=\"wpcf7-f3444-o1\" \/>\n<input type=\"hidden\" name=\"_wpcf7_container_post\" value=\"0\" \/>\n<input type=\"hidden\" name=\"_wpcf7_posted_data_hash\" value=\"\" \/>\n<input type=\"hidden\" name=\"_wpcf7dtx_version\" value=\"5.0.3\" \/>\n<input type=\"hidden\" name=\"_wpcf7_recaptcha_response\" value=\"\" \/>\n<\/div>\n<div class=\"p-cont-firstname\">\n\t<p><span class=\"wpcf7-form-control-wrap\" data-name=\"firstname\"><input size=\"40\" maxlength=\"400\" class=\"wpcf7-form-control wpcf7-text wpcf7-validates-as-required\" aria-required=\"true\" aria-invalid=\"false\" value=\"\" type=\"text\" name=\"firstname\" \/><\/span><label>Pr\u00e9nom*<\/label>\n\t<\/p>\n<\/div>\n<div class=\"p-cont-lastname\">\n\t<p><span class=\"wpcf7-form-control-wrap\" data-name=\"lastname\"><input size=\"40\" maxlength=\"400\" class=\"wpcf7-form-control wpcf7-text wpcf7-validates-as-required\" aria-required=\"true\" aria-invalid=\"false\" value=\"\" type=\"text\" name=\"lastname\" \/><\/span><label>Nom*<\/label>\n\t<\/p>\n<\/div>\n<div class=\"p-cont-tel\">\n\t<p><span class=\"wpcf7-form-control-wrap\" data-name=\"company\"><input size=\"40\" maxlength=\"400\" class=\"wpcf7-form-control wpcf7-text wpcf7-validates-as-required\" aria-required=\"true\" aria-invalid=\"false\" value=\"\" type=\"text\" name=\"company\" \/><\/span><label>Entreprise*<\/label>\n\t<\/p>\n<\/div>\n<div class=\"p-cont-tel\">\n\t<p><span class=\"wpcf7-form-control-wrap\" data-name=\"t\"><input size=\"40\" maxlength=\"400\" class=\"wpcf7-form-control wpcf7-text wpcf7-validates-as-required\" aria-required=\"true\" aria-invalid=\"false\" value=\"\" type=\"text\" name=\"t\" \/><\/span><label>Titre*<\/label>\n\t<\/p>\n<\/div>\n<div class=\"p-cont-tel\">\n\t<p><span class=\"wpcf7-form-control-wrap\" data-name=\"tel\"><input size=\"40\" maxlength=\"400\" class=\"wpcf7-form-control wpcf7-tel wpcf7-validates-as-required wpcf7-text wpcf7-validates-as-tel\" aria-required=\"true\" aria-invalid=\"false\" value=\"\" type=\"tel\" name=\"tel\" \/><\/span><label>T\u00e9l\u00e9phone*<\/label>\n\t<\/p>\n<\/div>\n<div class=\"p-cont-tel\">\n\t<p><span class=\"wpcf7-form-control-wrap\" data-name=\"zip\"><input size=\"40\" maxlength=\"400\" class=\"wpcf7-form-control wpcf7-text wpcf7-validates-as-required\" aria-required=\"true\" aria-invalid=\"false\" value=\"\" type=\"text\" name=\"zip\" \/><\/span><label>Postal Code*<\/label>\n\t<\/p>\n<\/div>\n<div class=\"p-cont-email\">\n\t<p><span class=\"wpcf7-form-control-wrap\" data-name=\"email\"><input size=\"40\" maxlength=\"400\" class=\"wpcf7-form-control wpcf7-email wpcf7-validates-as-required wpcf7-text wpcf7-validates-as-email\" aria-required=\"true\" aria-invalid=\"false\" value=\"\" type=\"email\" name=\"email\" \/><\/span><label>Courriel*<\/label>\n\t<\/p>\n<\/div>\n<div class=\"p-cont-message\">\n\t<p><span class=\"wpcf7-form-control-wrap\" data-name=\"message\"><textarea cols=\"40\" rows=\"10\" maxlength=\"2000\" class=\"wpcf7-form-control wpcf7-textarea wpcf7-validates-as-required\" aria-required=\"true\" aria-invalid=\"false\" name=\"message\"><\/textarea><\/span><label>Message*<\/label>\n\t<\/p>\n<\/div>\n<div class=\"p-cont-consent\">\n\t<p><span class=\"label\">Je consens \u00e0 recevoir des communications \u00e9lectroniques de SolidXperts Inc. Vous pouvez vous d\u00e9sabonner \u00e0 tout moment.<\/span>\n\t<\/p>\n<\/div>\n<div class=\"p-cont-consent-hidden\">\n\t<p><span class=\"wpcf7-form-control-wrap\" data-name=\"consent\"><input size=\"40\" maxlength=\"400\" class=\"wpcf7-form-control wpcf7-text\" aria-invalid=\"false\" value=\"\" type=\"text\" name=\"consent\" \/><\/span>\n\t<\/p>\n<\/div>\n<p><span id=\"wpcf7-69d5b70eefb02-wrapper\" class=\"wpcf7-form-control-wrap captcha-wrap\" style=\"display:none !important; visibility:hidden !important;\"><label for=\"wpcf7-69d5b70eefb02-field\" class=\"hp-message\">Please leave this field empty.<\/label><input id=\"wpcf7-69d5b70eefb02-field\"  class=\"wpcf7-form-control wpcf7-text\" type=\"text\" name=\"captcha\" value=\"\" size=\"40\" tabindex=\"-1\" autocomplete=\"new-password\" \/><\/span>\n<\/p>\n<div class=\"p-cont-submit\">\n\t<p><input class=\"wpcf7-form-control wpcf7-submit has-spinner\" type=\"submit\" value=\"Envoyer ma demande\" \/><span class=\"arrow\"><\/span>\n\t<\/p>\n<\/div>\n<span class=\"wpcf7-form-control-wrap post_date\" data-name=\"post_date\"><input type=\"hidden\" name=\"post_date\" class=\"wpcf7-form-control wpcf7-hidden wpcf7dtx wpcf7dtx-hidden\" aria-invalid=\"false\" value=\"April 8th, 2026\"><\/span>\n<span class=\"wpcf7-form-control-wrap location\" data-name=\"location\"><input type=\"hidden\" name=\"location\" class=\"wpcf7-form-control wpcf7-hidden wpcf7dtx wpcf7dtx-hidden\" aria-invalid=\"false\" value=\"United States\"><\/span>\n<span class=\"wpcf7-form-control-wrap province\" data-name=\"province\"><input type=\"hidden\" name=\"province\" class=\"wpcf7-form-control wpcf7-hidden wpcf7dtx wpcf7dtx-hidden\" aria-invalid=\"false\" value=\"California\"><\/span>\n<span class=\"wpcf7-form-control-wrap zip\" data-name=\"zip\"><input type=\"hidden\" name=\"zip\" class=\"wpcf7-form-control wpcf7-hidden wpcf7dtx wpcf7dtx-hidden\" aria-invalid=\"false\" value=\"94104\"><\/span>\n<span class=\"wpcf7-form-control-wrap page-title\" data-name=\"page-title\"><input type=\"hidden\" name=\"page-title\" class=\"wpcf7-form-control wpcf7-hidden wpcf7dtx wpcf7dtx-hidden\" aria-invalid=\"false\" value=\"Contactez Nous\"><\/span>\n<p><script type=\"text\/javascript\">\ndocument.addEventListener( 'wpcf7mailsent', function( event ) {\n jQuery(\".wpcf7-form.sent\").hide();\n document.getElementById(\"form_title_hide\").style.display = 'none';\n document.getElementById(\"form_logo_hide\").style.display = 'none';\n document.getElementById(\"message_show\").style.display = 'block';\n document.body.scrollTop = document.documentElement.scrollTop = 0;\n}, false );\n\n<\/script>\n<\/p><input type='hidden' class='wpcf7-pum' value='{\"closepopup\":false,\"closedelay\":0,\"openpopup\":false,\"openpopup_id\":0}' \/><div class=\"wpcf7-response-output\" aria-hidden=\"true\"><\/div>\n<\/form>\n<\/div>\n[\/vc_column_inner][\/vc_row_inner][\/vc_column][\/vc_row][\/vc_section]<\/p>\n","protected":false},"excerpt":{"rendered":"<p>[vc_section el_id=&#8221;request&#8221; el_class=&#8221;section-contact&#8221;][vc_row full_width=&#8221;stretch_row_content_no_spaces&#8221; content_placement=&#8221;middle&#8221; el_class=&#8221;pd-form&#8221;][vc_column el_class=&#8221;hideme contact-us-block&#8221;][vc_column_text el_class=&#8221;title-contact-us&#8221; el_id=&#8221;form_title_hide&#8221;] Contacter [\/vc_column_text][vc_column_text el_class=&#8221;title&#8221; el_id=&#8221;message_show&#8221;] Votre demande a \u00e9t\u00e9 envoy\u00e9e ! [\/vc_column_text][vc_column_text el_class=&#8221;contact-logo&#8221; el_id=&#8221;form_logo_hide&#8221;][\/vc_column_text][vc_row_inner el_class=&#8221;form-block&#8221;][vc_column_inner el_class=&#8221;form-block-inner&#8221;][\/vc_column_inner][\/vc_row_inner][\/vc_column][\/vc_row][\/vc_section]<\/p>\n","protected":false},"author":9,"featured_media":9151,"parent":0,"menu_order":0,"comment_status":"closed","ping_status":"closed","template":"template-parts\/temp-contact.php","meta":{"footnotes":""},"class_list":["post-265549","page","type-page","status-publish","has-post-thumbnail","hentry"],"yoast_head":"<!-- This site is optimized with the Yoast SEO plugin v26.8 - https:\/\/yoast.com\/product\/yoast-seo-wordpress\/ -->\n<title>Contactez Nous - Solidxperts Qu\u00e9bec<\/title>\n<meta name=\"description\" content=\"Besoin d\u2019infos\u202f? Contactez-nous pour un support expert et des solutions adapt\u00e9es \u00e0 vos besoins en design et ing\u00e9nierie.\" \/>\n<meta name=\"robots\" content=\"noindex, follow, max-snippet:-1, max-image-preview:large, max-video-preview:-1\" \/>\n<meta property=\"og:locale\" content=\"fr_FR\" \/>\n<meta property=\"og:type\" content=\"article\" \/>\n<meta property=\"og:title\" content=\"Contactez Nous - Solidxperts Qu\u00e9bec\" \/>\n<meta property=\"og:description\" content=\"Besoin d\u2019infos\u202f? Contactez-nous pour un support expert et des solutions adapt\u00e9es \u00e0 vos besoins en design et ing\u00e9nierie.\" \/>\n<meta property=\"og:url\" content=\"https:\/\/staging.solidxperts.com\/fr\/contactez-nous\/\" \/>\n<meta property=\"og:site_name\" content=\"Solidxperts\" \/>\n<meta property=\"article:publisher\" content=\"https:\/\/www.facebook.com\/solidxperts\" \/>\n<meta property=\"article:modified_time\" content=\"2025-04-04T14:49:38+00:00\" \/>\n<meta property=\"og:image\" content=\"https:\/\/staging.solidxperts.com\/wp-content\/uploads\/2022\/05\/delmia-manufacturing.jpg\" \/>\n\t<meta property=\"og:image:width\" content=\"712\" \/>\n\t<meta property=\"og:image:height\" content=\"402\" \/>\n\t<meta property=\"og:image:type\" content=\"image\/jpeg\" \/>\n<meta name=\"twitter:card\" content=\"summary_large_image\" \/>\n<meta name=\"twitter:site\" content=\"@solidxperts\" \/>\n<meta name=\"twitter:label1\" content=\"Est. reading time\" \/>\n\t<meta name=\"twitter:data1\" content=\"1 minute\" \/>\n<script type=\"application\/ld+json\" class=\"yoast-schema-graph\">{\"@context\":\"https:\/\/schema.org\",\"@graph\":[{\"@type\":\"WebPage\",\"@id\":\"https:\/\/staging.solidxperts.com\/fr\/contactez-nous\/\",\"url\":\"https:\/\/staging.solidxperts.com\/fr\/contactez-nous\/\",\"name\":\"Contactez Nous - Solidxperts Qu\u00e9bec\",\"isPartOf\":{\"@id\":\"https:\/\/staging.solidxperts.com\/fr\/#website\"},\"primaryImageOfPage\":{\"@id\":\"https:\/\/staging.solidxperts.com\/fr\/contactez-nous\/#primaryimage\"},\"image\":{\"@id\":\"https:\/\/staging.solidxperts.com\/fr\/contactez-nous\/#primaryimage\"},\"thumbnailUrl\":\"https:\/\/staging.solidxperts.com\/wp-content\/uploads\/2022\/05\/delmia-manufacturing.jpg\",\"datePublished\":\"2024-10-15T19:16:14+00:00\",\"dateModified\":\"2025-04-04T14:49:38+00:00\",\"description\":\"Besoin d\u2019infos\u202f? Contactez-nous pour un support expert et des solutions adapt\u00e9es \u00e0 vos besoins en design et ing\u00e9nierie.\",\"breadcrumb\":{\"@id\":\"https:\/\/staging.solidxperts.com\/fr\/contactez-nous\/#breadcrumb\"},\"inLanguage\":\"fr\",\"potentialAction\":[{\"@type\":\"ReadAction\",\"target\":[\"https:\/\/staging.solidxperts.com\/fr\/contactez-nous\/\"]}]},{\"@type\":\"ImageObject\",\"inLanguage\":\"fr\",\"@id\":\"https:\/\/staging.solidxperts.com\/fr\/contactez-nous\/#primaryimage\",\"url\":\"https:\/\/staging.solidxperts.com\/wp-content\/uploads\/2022\/05\/delmia-manufacturing.jpg\",\"contentUrl\":\"https:\/\/staging.solidxperts.com\/wp-content\/uploads\/2022\/05\/delmia-manufacturing.jpg\",\"width\":712,\"height\":402,\"caption\":\"3dx\"},{\"@type\":\"BreadcrumbList\",\"@id\":\"https:\/\/staging.solidxperts.com\/fr\/contactez-nous\/#breadcrumb\",\"itemListElement\":[{\"@type\":\"ListItem\",\"position\":1,\"name\":\"Home\",\"item\":\"https:\/\/staging.solidxperts.com\/fr\/\"},{\"@type\":\"ListItem\",\"position\":2,\"name\":\"Contactez Nous\"}]},{\"@type\":\"WebSite\",\"@id\":\"https:\/\/staging.solidxperts.com\/fr\/#website\",\"url\":\"https:\/\/staging.solidxperts.com\/fr\/\",\"name\":\"Solidxperts\",\"description\":\"SolidXperts | 3D Software &amp; Printing Solutions\",\"publisher\":{\"@id\":\"https:\/\/staging.solidxperts.com\/fr\/#organization\"},\"potentialAction\":[{\"@type\":\"SearchAction\",\"target\":{\"@type\":\"EntryPoint\",\"urlTemplate\":\"https:\/\/staging.solidxperts.com\/fr\/?s={search_term_string}\"},\"query-input\":{\"@type\":\"PropertyValueSpecification\",\"valueRequired\":true,\"valueName\":\"search_term_string\"}}],\"inLanguage\":\"fr\"},{\"@type\":\"Organization\",\"@id\":\"https:\/\/staging.solidxperts.com\/fr\/#organization\",\"name\":\"SolidXperts\",\"url\":\"https:\/\/staging.solidxperts.com\/fr\/\",\"logo\":{\"@type\":\"ImageObject\",\"inLanguage\":\"fr\",\"@id\":\"https:\/\/staging.solidxperts.com\/fr\/#\/schema\/logo\/image\/\",\"url\":\"\",\"contentUrl\":\"\",\"caption\":\"SolidXperts\"},\"image\":{\"@id\":\"https:\/\/staging.solidxperts.com\/fr\/#\/schema\/logo\/image\/\"},\"sameAs\":[\"https:\/\/www.facebook.com\/solidxperts\",\"https:\/\/x.com\/solidxperts\",\"https:\/\/www.linkedin.com\/company\/solidxperts\/\"]}]}<\/script>\n<!-- \/ Yoast SEO plugin. -->","yoast_head_json":{"title":"Contactez Nous - Solidxperts Qu\u00e9bec","description":"Besoin d\u2019infos\u202f? Contactez-nous pour un support expert et des solutions adapt\u00e9es \u00e0 vos besoins en design et ing\u00e9nierie.","robots":{"index":"noindex","follow":"follow","max-snippet":"max-snippet:-1","max-image-preview":"max-image-preview:large","max-video-preview":"max-video-preview:-1"},"og_locale":"fr_FR","og_type":"article","og_title":"Contactez Nous - Solidxperts Qu\u00e9bec","og_description":"Besoin d\u2019infos\u202f? Contactez-nous pour un support expert et des solutions adapt\u00e9es \u00e0 vos besoins en design et ing\u00e9nierie.","og_url":"https:\/\/staging.solidxperts.com\/fr\/contactez-nous\/","og_site_name":"Solidxperts","article_publisher":"https:\/\/www.facebook.com\/solidxperts","article_modified_time":"2025-04-04T14:49:38+00:00","og_image":[{"width":712,"height":402,"url":"https:\/\/staging.solidxperts.com\/wp-content\/uploads\/2022\/05\/delmia-manufacturing.jpg","type":"image\/jpeg"}],"twitter_card":"summary_large_image","twitter_site":"@solidxperts","twitter_misc":{"Est. reading time":"1 minute"},"schema":{"@context":"https:\/\/schema.org","@graph":[{"@type":"WebPage","@id":"https:\/\/staging.solidxperts.com\/fr\/contactez-nous\/","url":"https:\/\/staging.solidxperts.com\/fr\/contactez-nous\/","name":"Contactez Nous - Solidxperts Qu\u00e9bec","isPartOf":{"@id":"https:\/\/staging.solidxperts.com\/fr\/#website"},"primaryImageOfPage":{"@id":"https:\/\/staging.solidxperts.com\/fr\/contactez-nous\/#primaryimage"},"image":{"@id":"https:\/\/staging.solidxperts.com\/fr\/contactez-nous\/#primaryimage"},"thumbnailUrl":"https:\/\/staging.solidxperts.com\/wp-content\/uploads\/2022\/05\/delmia-manufacturing.jpg","datePublished":"2024-10-15T19:16:14+00:00","dateModified":"2025-04-04T14:49:38+00:00","description":"Besoin d\u2019infos\u202f? Contactez-nous pour un support expert et des solutions adapt\u00e9es \u00e0 vos besoins en design et ing\u00e9nierie.","breadcrumb":{"@id":"https:\/\/staging.solidxperts.com\/fr\/contactez-nous\/#breadcrumb"},"inLanguage":"fr","potentialAction":[{"@type":"ReadAction","target":["https:\/\/staging.solidxperts.com\/fr\/contactez-nous\/"]}]},{"@type":"ImageObject","inLanguage":"fr","@id":"https:\/\/staging.solidxperts.com\/fr\/contactez-nous\/#primaryimage","url":"https:\/\/staging.solidxperts.com\/wp-content\/uploads\/2022\/05\/delmia-manufacturing.jpg","contentUrl":"https:\/\/staging.solidxperts.com\/wp-content\/uploads\/2022\/05\/delmia-manufacturing.jpg","width":712,"height":402,"caption":"3dx"},{"@type":"BreadcrumbList","@id":"https:\/\/staging.solidxperts.com\/fr\/contactez-nous\/#breadcrumb","itemListElement":[{"@type":"ListItem","position":1,"name":"Home","item":"https:\/\/staging.solidxperts.com\/fr\/"},{"@type":"ListItem","position":2,"name":"Contactez Nous"}]},{"@type":"WebSite","@id":"https:\/\/staging.solidxperts.com\/fr\/#website","url":"https:\/\/staging.solidxperts.com\/fr\/","name":"Solidxperts","description":"SolidXperts | 3D Software &amp; Printing Solutions","publisher":{"@id":"https:\/\/staging.solidxperts.com\/fr\/#organization"},"potentialAction":[{"@type":"SearchAction","target":{"@type":"EntryPoint","urlTemplate":"https:\/\/staging.solidxperts.com\/fr\/?s={search_term_string}"},"query-input":{"@type":"PropertyValueSpecification","valueRequired":true,"valueName":"search_term_string"}}],"inLanguage":"fr"},{"@type":"Organization","@id":"https:\/\/staging.solidxperts.com\/fr\/#organization","name":"SolidXperts","url":"https:\/\/staging.solidxperts.com\/fr\/","logo":{"@type":"ImageObject","inLanguage":"fr","@id":"https:\/\/staging.solidxperts.com\/fr\/#\/schema\/logo\/image\/","url":"","contentUrl":"","caption":"SolidXperts"},"image":{"@id":"https:\/\/staging.solidxperts.com\/fr\/#\/schema\/logo\/image\/"},"sameAs":["https:\/\/www.facebook.com\/solidxperts","https:\/\/x.com\/solidxperts","https:\/\/www.linkedin.com\/company\/solidxperts\/"]}]}},"_links":{"self":[{"href":"https:\/\/staging.solidxperts.com\/fr\/wp-json\/wp\/v2\/pages\/265549","targetHints":{"allow":["GET"]}}],"collection":[{"href":"https:\/\/staging.solidxperts.com\/fr\/wp-json\/wp\/v2\/pages"}],"about":[{"href":"https:\/\/staging.solidxperts.com\/fr\/wp-json\/wp\/v2\/types\/page"}],"author":[{"embeddable":true,"href":"https:\/\/staging.solidxperts.com\/fr\/wp-json\/wp\/v2\/users\/9"}],"replies":[{"embeddable":true,"href":"https:\/\/staging.solidxperts.com\/fr\/wp-json\/wp\/v2\/comments?post=265549"}],"version-history":[{"count":4,"href":"https:\/\/staging.solidxperts.com\/fr\/wp-json\/wp\/v2\/pages\/265549\/revisions"}],"predecessor-version":[{"id":265650,"href":"https:\/\/staging.solidxperts.com\/fr\/wp-json\/wp\/v2\/pages\/265549\/revisions\/265650"}],"wp:featuredmedia":[{"embeddable":true,"href":"https:\/\/staging.solidxperts.com\/fr\/wp-json\/wp\/v2\/media\/9151"}],"wp:attachment":[{"href":"https:\/\/staging.solidxperts.com\/fr\/wp-json\/wp\/v2\/media?parent=265549"}],"curies":[{"name":"wp","href":"https:\/\/api.w.org\/{rel}","templated":true}]}}